{"id":3234,"date":"2022-12-28T14:51:30","date_gmt":"2022-12-28T17:51:30","guid":{"rendered":"https:\/\/bedu.tech\/?page_id=3234"},"modified":"2023-07-25T13:41:07","modified_gmt":"2023-07-25T16:41:07","slug":"chromedash-bedu","status":"publish","type":"page","link":"https:\/\/bedu.tech\/es\/chromedash-bedu\/","title":{"rendered":"ChromeDash Bedu"},"content":{"rendered":"<div data-elementor-type=\"wp-page\" data-elementor-id=\"3234\" class=\"elementor elementor-3234\">\n\t\t\t\t\t\t<div class=\"elementor-inner\">\n\t\t\t\t<div class=\"elementor-section-wrap\">\n\t\t\t\t\t\t\t<div class=\"elementor-element elementor-element-edb61c8 e-con-boxed e-flex e-con\" data-id=\"edb61c8\" data-element_type=\"container\" data-settings=\"{&quot;background_background&quot;:&quot;classic&quot;,&quot;jet_parallax_layout_list&quot;:[],&quot;content_width&quot;:&quot;boxed&quot;}\">\n\t\t\t\t\t<div class=\"e-con-inner\">\n\t\t\t\t<div class=\"elementor-element elementor-element-4780e42 elementor-widget elementor-widget-eael-fancy-text\" data-id=\"4780e42\" data-element_type=\"widget\" data-widget_type=\"eael-fancy-text.default\">\n\t\t\t\t<div class=\"elementor-widget-container\">\n\t\t\t\n\t<div  class=\"eael-fancy-text-container style-1\" data-fancy-text-id=\"4780e42\" data-fancy-text=\"|Chromedash Bedu\" data-fancy-text-transition-type=\"typing\" data-fancy-text-speed=\"50\" data-fancy-text-delay=\"2500\" data-fancy-text-cursor=\"yes\" data-fancy-text-loop=\"yes\" >\n\t\t\n\t\t\n\t\t\t\t\t<span id=\"eael-fancy-text-4780e42\" class=\"eael-fancy-text-strings solid-color\">\n\t\t\t\t<noscript>\n\t\t\t\t\tChromedash Bedu\t\t\t\t<\/noscript>\n\t\t\t<\/span>\n\t\t\n\t\t\t<\/div><!-- close .eael-fancy-text-container -->\n\n\t<div class=\"clearfix\"><\/div>\n\n\t\t\t<\/div>\n\t\t\t\t<\/div>\n\t\t\t\t\t<\/div>\n\t\t\t\t<\/div>\n\t\t\t\t<section data-particle_enable=\"false\" data-particle-mobile-disabled=\"false\" class=\"elementor-section elementor-top-section elementor-element elementor-element-bd69502 elementor-section-height-min-height elementor-section-boxed elementor-section-height-default elementor-section-items-middle\" data-id=\"bd69502\" data-element_type=\"section\" data-settings=\"{&quot;jet_parallax_layout_list&quot;:[{&quot;jet_parallax_layout_image&quot;:{&quot;url&quot;:&quot;&quot;,&quot;id&quot;:&quot;&quot;,&quot;size&quot;:&quot;&quot;},&quot;_id&quot;:&quot;2ea43f8&quot;,&quot;jet_parallax_layout_image_tablet&quot;:{&quot;url&quot;:&quot;&quot;,&quot;id&quot;:&quot;&quot;,&quot;size&quot;:&quot;&quot;},&quot;jet_parallax_layout_image_mobile&quot;:{&quot;url&quot;:&quot;&quot;,&quot;id&quot;:&quot;&quot;,&quot;size&quot;:&quot;&quot;},&quot;jet_parallax_layout_speed&quot;:{&quot;unit&quot;:&quot;%&quot;,&quot;size&quot;:50,&quot;sizes&quot;:[]},&quot;jet_parallax_layout_type&quot;:&quot;scroll&quot;,&quot;jet_parallax_layout_direction&quot;:null,&quot;jet_parallax_layout_fx_direction&quot;:null,&quot;jet_parallax_layout_z_index&quot;:&quot;&quot;,&quot;jet_parallax_layout_bg_x&quot;:50,&quot;jet_parallax_layout_bg_x_tablet&quot;:&quot;&quot;,&quot;jet_parallax_layout_bg_x_mobile&quot;:&quot;&quot;,&quot;jet_parallax_layout_bg_y&quot;:50,&quot;jet_parallax_layout_bg_y_tablet&quot;:&quot;&quot;,&quot;jet_parallax_layout_bg_y_mobile&quot;:&quot;&quot;,&quot;jet_parallax_layout_bg_size&quot;:&quot;auto&quot;,&quot;jet_parallax_layout_bg_size_tablet&quot;:&quot;&quot;,&quot;jet_parallax_layout_bg_size_mobile&quot;:&quot;&quot;,&quot;jet_parallax_layout_animation_prop&quot;:&quot;transform&quot;,&quot;jet_parallax_layout_on&quot;:[&quot;desktop&quot;,&quot;tablet&quot;]}],&quot;background_background&quot;:&quot;classic&quot;}\">\n\t\t\t\t\t\t<div class=\"elementor-container elementor-column-gap-wide\">\n\t\t\t\t\t\t\t<div class=\"elementor-row\">\n\t\t\t\t\t<div class=\"elementor-column elementor-col-50 elementor-top-column elementor-element elementor-element-76196b5\" data-id=\"76196b5\" data-element_type=\"column\">\n\t\t\t<div class=\"elementor-column-wrap elementor-element-populated\">\n\t\t\t\t\t\t\t<div class=\"elementor-widget-wrap\">\n\t\t\t\t\t\t<div class=\"elementor-element elementor-element-aef325a elementor-widget elementor-widget-heading\" data-id=\"aef325a\" data-element_type=\"widget\" data-widget_type=\"heading.default\">\n\t\t\t\t<div class=\"elementor-widget-container\">\n\t\t\t<h1 class=\"elementor-heading-title elementor-size-xl\">Chromedash Bedu<\/h1>\t\t<\/div>\n\t\t\t\t<\/div>\n\t\t\t\t<div class=\"elementor-element elementor-element-9472e08 elementor-invisible elementor-widget elementor-widget-heading\" data-id=\"9472e08\" data-element_type=\"widget\" data-settings=\"{&quot;_animation&quot;:&quot;fadeIn&quot;,&quot;_animation_delay&quot;:600}\" data-widget_type=\"heading.default\">\n\t\t\t\t<div class=\"elementor-widget-container\">\n\t\t\t<h2 class=\"elementor-heading-title elementor-size-default\">O ChromeDash Bedu auxilia sua equipe de tecnologia a gerir e obter acesso aos dados dos Chromebooks da sua Institui\u00e7\u00e3o. <br><br>Obtenha as informa\u00e7\u00f5es em tempo real, com poucos cliques, sobre como os recursos est\u00e3o sendo utilizados, quais as principais ferramentas acessadas, locais com maior concentra\u00e7\u00e3o de conex\u00f5es (geolocaliza\u00e7\u00e3o) e muito mais!<\/h2>\t\t<\/div>\n\t\t\t\t<\/div>\n\t\t\t\t\t\t<\/div>\n\t\t\t\t\t<\/div>\n\t\t<\/div>\n\t\t\t\t<div class=\"elementor-column elementor-col-50 elementor-top-column elementor-element elementor-element-307f240\" data-id=\"307f240\" data-element_type=\"column\">\n\t\t\t<div class=\"elementor-column-wrap elementor-element-populated\">\n\t\t\t\t\t\t\t<div class=\"elementor-widget-wrap\">\n\t\t\t\t\t\t<div class=\"elementor-element elementor-element-36d6d80 elementor-widget elementor-widget-image-carousel\" data-id=\"36d6d80\" data-element_type=\"widget\" data-settings=\"{&quot;slides_to_show&quot;:&quot;1&quot;,&quot;navigation&quot;:&quot;none&quot;,&quot;effect&quot;:&quot;fade&quot;,&quot;autoplay&quot;:&quot;yes&quot;,&quot;pause_on_hover&quot;:&quot;yes&quot;,&quot;pause_on_interaction&quot;:&quot;yes&quot;,&quot;autoplay_speed&quot;:5000,&quot;infinite&quot;:&quot;yes&quot;,&quot;speed&quot;:500}\" data-widget_type=\"image-carousel.default\">\n\t\t\t\t<div class=\"elementor-widget-container\">\n\t\t\t\t\t<div class=\"elementor-image-carousel-wrapper swiper-container\" dir=\"ltr\">\n\t\t\t<div class=\"elementor-image-carousel swiper-wrapper\">\n\t\t\t\t\t\t\t\t<div class=\"swiper-slide\"><figure class=\"swiper-slide-inner\"><img decoding=\"async\" class=\"swiper-slide-image\" src=\"https:\/\/bedu.tech\/wp-content\/uploads\/2022\/11\/Lenovo-100e-Chromebook-Gen-3-1-2-1.png\" alt=\"Lenovo e Chromebook Gen\" \/><\/figure><\/div><div class=\"swiper-slide\"><figure class=\"swiper-slide-inner\"><img decoding=\"async\" class=\"swiper-slide-image\" src=\"https:\/\/bedu.tech\/wp-content\/uploads\/2022\/11\/Lenovo-100e-Chromebook-Gen-3-6-1.png\" alt=\"Lenovo e Chromebook Gen\" \/><\/figure><\/div><div class=\"swiper-slide\"><figure class=\"swiper-slide-inner\"><img decoding=\"async\" class=\"swiper-slide-image\" src=\"https:\/\/bedu.tech\/wp-content\/uploads\/2022\/11\/Lenovo-100e-Chromebook-Gen-3-4-1-1.png\" alt=\"Lenovo e Chromebook Gen\" \/><\/figure><\/div>\t\t\t<\/div>\n\t\t\t\t\t\t\t\t\t\t\t\t\t\t\t\t<\/div>\n\t\t\t\t<\/div>\n\t\t\t\t<\/div>\n\t\t\t\t\t\t<\/div>\n\t\t\t\t\t<\/div>\n\t\t<\/div>\n\t\t\t\t\t\t\t\t<\/div>\n\t\t\t\t\t<\/div>\n\t\t<\/section>\n\t\t\t\t<section data-particle_enable=\"false\" data-particle-mobile-disabled=\"false\" class=\"elementor-section elementor-top-section elementor-element elementor-element-5b07b86 elementor-section-boxed elementor-section-height-default elementor-section-height-default\" data-id=\"5b07b86\" data-element_type=\"section\" data-settings=\"{&quot;jet_parallax_layout_list&quot;:[{&quot;jet_parallax_layout_image&quot;:{&quot;url&quot;:&quot;&quot;,&quot;id&quot;:&quot;&quot;,&quot;size&quot;:&quot;&quot;},&quot;_id&quot;:&quot;bd033ac&quot;,&quot;jet_parallax_layout_image_tablet&quot;:{&quot;url&quot;:&quot;&quot;,&quot;id&quot;:&quot;&quot;,&quot;size&quot;:&quot;&quot;},&quot;jet_parallax_layout_image_mobile&quot;:{&quot;url&quot;:&quot;&quot;,&quot;id&quot;:&quot;&quot;,&quot;size&quot;:&quot;&quot;},&quot;jet_parallax_layout_speed&quot;:{&quot;unit&quot;:&quot;%&quot;,&quot;size&quot;:50,&quot;sizes&quot;:[]},&quot;jet_parallax_layout_type&quot;:&quot;scroll&quot;,&quot;jet_parallax_layout_direction&quot;:null,&quot;jet_parallax_layout_fx_direction&quot;:null,&quot;jet_parallax_layout_z_index&quot;:&quot;&quot;,&quot;jet_parallax_layout_bg_x&quot;:50,&quot;jet_parallax_layout_bg_x_tablet&quot;:&quot;&quot;,&quot;jet_parallax_layout_bg_x_mobile&quot;:&quot;&quot;,&quot;jet_parallax_layout_bg_y&quot;:50,&quot;jet_parallax_layout_bg_y_tablet&quot;:&quot;&quot;,&quot;jet_parallax_layout_bg_y_mobile&quot;:&quot;&quot;,&quot;jet_parallax_layout_bg_size&quot;:&quot;auto&quot;,&quot;jet_parallax_layout_bg_size_tablet&quot;:&quot;&quot;,&quot;jet_parallax_layout_bg_size_mobile&quot;:&quot;&quot;,&quot;jet_parallax_layout_animation_prop&quot;:&quot;transform&quot;,&quot;jet_parallax_layout_on&quot;:[&quot;desktop&quot;,&quot;tablet&quot;]}]}\">\n\t\t\t\t\t\t<div class=\"elementor-container elementor-column-gap-default\">\n\t\t\t\t\t\t\t<div class=\"elementor-row\">\n\t\t\t\t\t<div class=\"elementor-column elementor-col-100 elementor-top-column elementor-element elementor-element-c2f1165\" data-id=\"c2f1165\" data-element_type=\"column\">\n\t\t\t<div class=\"elementor-column-wrap elementor-element-populated\">\n\t\t\t\t\t\t\t<div class=\"elementor-widget-wrap\">\n\t\t\t\t\t\t<div class=\"elementor-element elementor-element-2ff3ddf elementor-widget elementor-widget-spacer\" data-id=\"2ff3ddf\" data-element_type=\"widget\" data-widget_type=\"spacer.default\">\n\t\t\t\t<div class=\"elementor-widget-container\">\n\t\t\t\t\t<div class=\"elementor-spacer\">\n\t\t\t<div class=\"elementor-spacer-inner\"><\/div>\n\t\t<\/div>\n\t\t\t\t<\/div>\n\t\t\t\t<\/div>\n\t\t\t\t\t\t<\/div>\n\t\t\t\t\t<\/div>\n\t\t<\/div>\n\t\t\t\t\t\t\t\t<\/div>\n\t\t\t\t\t<\/div>\n\t\t<\/section>\n\t\t\t\t<section data-particle_enable=\"false\" data-particle-mobile-disabled=\"false\" class=\"elementor-section elementor-top-section elementor-element elementor-element-e3a229a elementor-section-boxed elementor-section-height-default elementor-section-height-default\" data-id=\"e3a229a\" data-element_type=\"section\" data-settings=\"{&quot;jet_parallax_layout_list&quot;:[{&quot;jet_parallax_layout_image&quot;:{&quot;url&quot;:&quot;&quot;,&quot;id&quot;:&quot;&quot;,&quot;size&quot;:&quot;&quot;},&quot;_id&quot;:&quot;2ea43f8&quot;,&quot;jet_parallax_layout_image_tablet&quot;:{&quot;url&quot;:&quot;&quot;,&quot;id&quot;:&quot;&quot;,&quot;size&quot;:&quot;&quot;},&quot;jet_parallax_layout_image_mobile&quot;:{&quot;url&quot;:&quot;&quot;,&quot;id&quot;:&quot;&quot;,&quot;size&quot;:&quot;&quot;},&quot;jet_parallax_layout_speed&quot;:{&quot;unit&quot;:&quot;%&quot;,&quot;size&quot;:50,&quot;sizes&quot;:[]},&quot;jet_parallax_layout_type&quot;:&quot;scroll&quot;,&quot;jet_parallax_layout_direction&quot;:null,&quot;jet_parallax_layout_fx_direction&quot;:null,&quot;jet_parallax_layout_z_index&quot;:&quot;&quot;,&quot;jet_parallax_layout_bg_x&quot;:50,&quot;jet_parallax_layout_bg_x_tablet&quot;:&quot;&quot;,&quot;jet_parallax_layout_bg_x_mobile&quot;:&quot;&quot;,&quot;jet_parallax_layout_bg_y&quot;:50,&quot;jet_parallax_layout_bg_y_tablet&quot;:&quot;&quot;,&quot;jet_parallax_layout_bg_y_mobile&quot;:&quot;&quot;,&quot;jet_parallax_layout_bg_size&quot;:&quot;auto&quot;,&quot;jet_parallax_layout_bg_size_tablet&quot;:&quot;&quot;,&quot;jet_parallax_layout_bg_size_mobile&quot;:&quot;&quot;,&quot;jet_parallax_layout_animation_prop&quot;:&quot;transform&quot;,&quot;jet_parallax_layout_on&quot;:[&quot;desktop&quot;,&quot;tablet&quot;]}],&quot;background_background&quot;:&quot;classic&quot;}\">\n\t\t\t\t\t\t<div class=\"elementor-container elementor-column-gap-default\">\n\t\t\t\t\t\t\t<div class=\"elementor-row\">\n\t\t\t\t\t<div class=\"elementor-column elementor-col-50 elementor-top-column elementor-element elementor-element-83d0550\" data-id=\"83d0550\" data-element_type=\"column\">\n\t\t\t<div class=\"elementor-column-wrap elementor-element-populated\">\n\t\t\t\t\t\t\t<div class=\"elementor-widget-wrap\">\n\t\t\t\t\t\t<div class=\"elementor-element elementor-element-dc1b9fc elementor-widget elementor-widget-image\" data-id=\"dc1b9fc\" data-element_type=\"widget\" data-widget_type=\"image.default\">\n\t\t\t\t<div class=\"elementor-widget-container\">\n\t\t\t\t\t\t\t\t<div class=\"elementor-image\">\n\t\t\t\t\t\t\t\t\t\t\t\t<img decoding=\"async\" width=\"2185\" height=\"1907\" src=\"https:\/\/bedu.tech\/wp-content\/uploads\/2022\/09\/BDIGITAL1.svg\" class=\"attachment-large size-large wp-image-2599\" alt=\"ensino tecnologia ead elearning conhecimento livros biblioteca digital\" loading=\"lazy\" \/>\t\t\t\t\t\t\t\t\t\t\t\t\t\t<\/div>\n\t\t\t\t\t\t<\/div>\n\t\t\t\t<\/div>\n\t\t\t\t\t\t<\/div>\n\t\t\t\t\t<\/div>\n\t\t<\/div>\n\t\t\t\t<div class=\"elementor-column elementor-col-50 elementor-top-column elementor-element elementor-element-8bb785b\" data-id=\"8bb785b\" data-element_type=\"column\">\n\t\t\t<div class=\"elementor-column-wrap elementor-element-populated\">\n\t\t\t\t\t\t\t<div class=\"elementor-widget-wrap\">\n\t\t\t\t\t\t<div class=\"elementor-element elementor-element-c3151dd elementor-widget elementor-widget-heading\" data-id=\"c3151dd\" data-element_type=\"widget\" data-widget_type=\"heading.default\">\n\t\t\t\t<div class=\"elementor-widget-container\">\n\t\t\t<h2 class=\"elementor-heading-title elementor-size-default\">Principais Vantagens do ChromeDash Bedu<\/h2>\t\t<\/div>\n\t\t\t\t<\/div>\n\t\t\t\t<div class=\"elementor-element elementor-element-0e24977 elementor-widget elementor-widget-text-editor\" data-id=\"0e24977\" data-element_type=\"widget\" data-widget_type=\"text-editor.default\">\n\t\t\t\t<div class=\"elementor-widget-container\">\n\t\t\t\t\t\t\t\t<div class=\"elementor-text-editor elementor-clearfix\">\n\t\t\t\t<ul>\n<li>Bloqueia remotamente os dispositivos mediante o painel do Google Admin Console;<\/li>\n<li>Emite relat\u00f3rios de utiliza\u00e7\u00e3o dos equipamentos;<\/li>\n<li>Apresenta a evolu\u00e7\u00e3o na implanta\u00e7\u00e3o dos Chromebooks representados em unidades organizacionais (escola);<\/li>\n<li>Apresenta a quantidade de Chromebooks provisionados;<\/li>\n<li>Apresenta o hist\u00f3rico de provisionamento em suas respectivas unidades organizacionais;<\/li>\n<li>Mostra a quantidade de equipamentos ativos por unidade organizacional;<\/li>\n<li>Demonstra o n\u00famero de usu\u00e1rios que utilizaram os dispositivos, divididos por unidade organizacional;<\/li>\n<li>Identifica o n\u00famero de usu\u00e1rios que n\u00e3o utilizaram o dispositivo por n\u00famero de s\u00e9rie em sua respectiva unidade organizacional nos \u00faltimos 30 dias;<\/li>\n<li>Informa a quantidade de dispositivos provisionados, permitindo a identifica\u00e7\u00e3o por n\u00famero de s\u00e9rie dos Chromebooks que n\u00e3o s\u00e3o gerenciados;<\/li>\n<li>Identifica a Georrefer\u00eancia quando um usu\u00e1rio loga na rede Wi-Fi no per\u00edodo de at\u00e9 2 dias.<\/li>\n<li>O Device Tracking permite o rastreio dos Chromebooks, e em caso de extravio do equipamento, a fun\u00e7\u00e3o \u00e9 capaz de identificar dados sobre a utiliza\u00e7\u00e3o e geolocaliza\u00e7\u00e3o, assim como tirar fotos dos usu\u00e1rios, gravar \u00e1udio ambiente e links acessados.<\/li>\n<\/ul>\n<p>Estas informa\u00e7\u00f5es s\u00e3o disponibilizadas aos gestores do ambiente institucional.<\/p>\t\t\t\t\t<\/div>\n\t\t\t\t\t\t<\/div>\n\t\t\t\t<\/div>\n\t\t\t\t\t\t<\/div>\n\t\t\t\t\t<\/div>\n\t\t<\/div>\n\t\t\t\t\t\t\t\t<\/div>\n\t\t\t\t\t<\/div>\n\t\t<\/section>\n\t\t<div class=\"elementor-element elementor-element-7d546bd e-con-boxed e-flex e-con\" data-id=\"7d546bd\" data-element_type=\"container\" data-settings=\"{&quot;background_background&quot;:&quot;classic&quot;,&quot;jet_parallax_layout_list&quot;:[],&quot;content_width&quot;:&quot;boxed&quot;}\">\n\t\t\t\t\t<div class=\"e-con-inner\">\n\t\t<div class=\"elementor-element elementor-element-36aef88 e-con-full e-flex e-con\" data-id=\"36aef88\" data-element_type=\"container\" data-settings=\"{&quot;content_width&quot;:&quot;full&quot;,&quot;jet_parallax_layout_list&quot;:[]}\">\n\t\t\t\t<div class=\"elementor-element elementor-element-2889b66 elementor-widget elementor-widget-heading\" data-id=\"2889b66\" data-element_type=\"widget\" data-widget_type=\"heading.default\">\n\t\t\t\t<div class=\"elementor-widget-container\">\n\t\t\t<h2 class=\"elementor-heading-title elementor-size-default\">Veja como otimizar o controle dos Chromebooks da sua institui\u00e7\u00e3o, com \u00f3timo custo benef\u00edcio.<\/h2>\t\t<\/div>\n\t\t\t\t<\/div>\n\t\t\t\t<div class=\"elementor-element elementor-element-bd77411 elementor-align-center elementor-mobile-align-center elementor-widget elementor-widget-button\" data-id=\"bd77411\" data-element_type=\"widget\" data-widget_type=\"button.default\">\n\t\t\t\t<div class=\"elementor-widget-container\">\n\t\t\t\t\t<div class=\"elementor-button-wrapper\">\n\t\t\t<a href=\"#entreemcontato\" class=\"elementor-button-link elementor-button elementor-size-sm\" role=\"button\">\n\t\t\t\t\t\t<span class=\"elementor-button-content-wrapper\">\n\t\t\t\t\t\t<span class=\"elementor-button-text\">Utilize o Chromedash Bedu<\/span>\n\t\t<\/span>\n\t\t\t\t\t<\/a>\n\t\t<\/div>\n\t\t\t\t<\/div>\n\t\t\t\t<\/div>\n\t\t\t\t<\/div>\n\t\t\t\t\t<\/div>\n\t\t\t\t<\/div>\n\t\t\t\t\t\t\t\t\t<\/div>\n\t\t\t<\/div>\n\t\t\t\t\t<\/div>","protected":false},"excerpt":{"rendered":"<p>Chromedash Bedu Chromedash Bedu O ChromeDash Bedu auxilia sua equipe de tecnologia a gerir e obter acesso aos dados dos Chromebooks da sua Institui\u00e7\u00e3o. Obtenha as informa\u00e7\u00f5es em tempo real, com poucos cliques, sobre como os recursos est\u00e3o sendo utilizados, quais as principais ferramentas acessadas, locais com maior concentra\u00e7\u00e3o de conex\u00f5es (geolocaliza\u00e7\u00e3o) e muito mais! [&hellip;]<\/p>","protected":false},"author":11,"featured_media":2434,"parent":0,"menu_order":0,"comment_status":"closed","ping_status":"closed","template":"elementor_header_footer","meta":{"om_disable_all_campaigns":false,"_monsterinsights_skip_tracking":false,"_monsterinsights_sitenote_active":false,"_monsterinsights_sitenote_note":"","_monsterinsights_sitenote_category":0},"aioseo_notices":[],"yoast_head":"<!-- This site is optimized with the Yoast SEO plugin v20.9 - https:\/\/yoast.com\/wordpress\/plugins\/seo\/ -->\n<title>Tecnologia para institui\u00e7\u00f5es de ensino - Bedu.Tech<\/title>\n<meta name=\"description\" content=\"Tecnologia para institui\u00e7\u00f5es de ensino focadas em inova\u00e7\u00e3o, qualidade e melhoria cont\u00ednua. Uma jornada de aprendizagem para a vida\" \/>\n<meta name=\"robots\" content=\"index, follow, max-snippet:-1, max-image-preview:large, max-video-preview:-1\" \/>\n<link rel=\"canonical\" href=\"https:\/\/bedu.tech\/es\/chromedash-bedu\/\" \/>\n<meta property=\"og:locale\" content=\"es_ES\" \/>\n<meta property=\"og:type\" content=\"article\" \/>\n<meta property=\"og:title\" content=\"Tecnologia para institui\u00e7\u00f5es de ensino - Bedu.Tech\" \/>\n<meta property=\"og:description\" content=\"Tecnologia para institui\u00e7\u00f5es de ensino focadas em inova\u00e7\u00e3o, qualidade e melhoria cont\u00ednua. Uma jornada de aprendizagem para a vida\" \/>\n<meta property=\"og:url\" content=\"https:\/\/bedu.tech\/es\/chromedash-bedu\/\" \/>\n<meta property=\"og:site_name\" content=\"Bedu Tech\" \/>\n<meta property=\"article:modified_time\" content=\"2023-07-25T16:41:07+00:00\" \/>\n<meta name=\"twitter:card\" content=\"summary_large_image\" \/>\n<meta name=\"twitter:image\" content=\"https:\/\/bedu.tech\/wp-content\/uploads\/2022\/09\/EDUCACAO-INTEGRADA-ILUSTRACAO.svg\" \/>\n<meta name=\"twitter:label1\" content=\"Tiempo de lectura\" \/>\n\t<meta name=\"twitter:data1\" content=\"3 minutos\" \/>\n<script type=\"application\/ld+json\" class=\"yoast-schema-graph\">{\"@context\":\"https:\/\/schema.org\",\"@graph\":[{\"@type\":\"WebPage\",\"@id\":\"https:\/\/bedu.tech\/chromedash-bedu\/\",\"url\":\"https:\/\/bedu.tech\/chromedash-bedu\/\",\"name\":\"Tecnologia para institui\u00e7\u00f5es de ensino - Bedu.Tech\",\"isPartOf\":{\"@id\":\"https:\/\/bedu.tech\/#website\"},\"datePublished\":\"2022-12-28T17:51:30+00:00\",\"dateModified\":\"2023-07-25T16:41:07+00:00\",\"description\":\"Tecnologia para institui\u00e7\u00f5es de ensino focadas em inova\u00e7\u00e3o, qualidade e melhoria cont\u00ednua. Uma jornada de aprendizagem para a vida\",\"breadcrumb\":{\"@id\":\"https:\/\/bedu.tech\/chromedash-bedu\/#breadcrumb\"},\"inLanguage\":\"es\",\"potentialAction\":[{\"@type\":\"ReadAction\",\"target\":[\"https:\/\/bedu.tech\/chromedash-bedu\/\"]}]},{\"@type\":\"BreadcrumbList\",\"@id\":\"https:\/\/bedu.tech\/chromedash-bedu\/#breadcrumb\",\"itemListElement\":[{\"@type\":\"ListItem\",\"position\":1,\"name\":\"In\u00edcio\",\"item\":\"https:\/\/bedu.tech\/\"},{\"@type\":\"ListItem\",\"position\":2,\"name\":\"ChromeDash Bedu\"}]},{\"@type\":\"WebSite\",\"@id\":\"https:\/\/bedu.tech\/#website\",\"url\":\"https:\/\/bedu.tech\/\",\"name\":\"Bedu Tech\",\"description\":\"Tecnologia para Educa\u00e7\u00e3o\",\"potentialAction\":[{\"@type\":\"SearchAction\",\"target\":{\"@type\":\"EntryPoint\",\"urlTemplate\":\"https:\/\/bedu.tech\/?s={search_term_string}\"},\"query-input\":\"required name=search_term_string\"}],\"inLanguage\":\"es\"}]}<\/script>\n<!-- \/ Yoast SEO plugin. -->","yoast_head_json":{"title":"Tecnologia para institui\u00e7\u00f5es de ensino - Bedu.Tech","description":"Tecnologia para institui\u00e7\u00f5es de ensino focadas em inova\u00e7\u00e3o, qualidade e melhoria cont\u00ednua. Uma jornada de aprendizagem para a vida","robots":{"index":"index","follow":"follow","max-snippet":"max-snippet:-1","max-image-preview":"max-image-preview:large","max-video-preview":"max-video-preview:-1"},"canonical":"https:\/\/bedu.tech\/es\/chromedash-bedu\/","og_locale":"es_ES","og_type":"article","og_title":"Tecnologia para institui\u00e7\u00f5es de ensino - Bedu.Tech","og_description":"Tecnologia para institui\u00e7\u00f5es de ensino focadas em inova\u00e7\u00e3o, qualidade e melhoria cont\u00ednua. Uma jornada de aprendizagem para a vida","og_url":"https:\/\/bedu.tech\/es\/chromedash-bedu\/","og_site_name":"Bedu Tech","article_modified_time":"2023-07-25T16:41:07+00:00","twitter_card":"summary_large_image","twitter_image":"https:\/\/bedu.tech\/wp-content\/uploads\/2022\/09\/EDUCACAO-INTEGRADA-ILUSTRACAO.svg","twitter_misc":{"Tiempo de lectura":"3 minutos"},"schema":{"@context":"https:\/\/schema.org","@graph":[{"@type":"WebPage","@id":"https:\/\/bedu.tech\/chromedash-bedu\/","url":"https:\/\/bedu.tech\/chromedash-bedu\/","name":"Tecnologia para institui\u00e7\u00f5es de ensino - Bedu.Tech","isPartOf":{"@id":"https:\/\/bedu.tech\/#website"},"datePublished":"2022-12-28T17:51:30+00:00","dateModified":"2023-07-25T16:41:07+00:00","description":"Tecnologia para institui\u00e7\u00f5es de ensino focadas em inova\u00e7\u00e3o, qualidade e melhoria cont\u00ednua. Uma jornada de aprendizagem para a vida","breadcrumb":{"@id":"https:\/\/bedu.tech\/chromedash-bedu\/#breadcrumb"},"inLanguage":"es","potentialAction":[{"@type":"ReadAction","target":["https:\/\/bedu.tech\/chromedash-bedu\/"]}]},{"@type":"BreadcrumbList","@id":"https:\/\/bedu.tech\/chromedash-bedu\/#breadcrumb","itemListElement":[{"@type":"ListItem","position":1,"name":"In\u00edcio","item":"https:\/\/bedu.tech\/"},{"@type":"ListItem","position":2,"name":"ChromeDash Bedu"}]},{"@type":"WebSite","@id":"https:\/\/bedu.tech\/#website","url":"https:\/\/bedu.tech\/","name":"Bedu Tech","description":"Tecnologia para Educa\u00e7\u00e3o","potentialAction":[{"@type":"SearchAction","target":{"@type":"EntryPoint","urlTemplate":"https:\/\/bedu.tech\/?s={search_term_string}"},"query-input":"required name=search_term_string"}],"inLanguage":"es"}]}},"_links":{"self":[{"href":"https:\/\/bedu.tech\/es\/wp-json\/wp\/v2\/pages\/3234"}],"collection":[{"href":"https:\/\/bedu.tech\/es\/wp-json\/wp\/v2\/pages"}],"about":[{"href":"https:\/\/bedu.tech\/es\/wp-json\/wp\/v2\/types\/page"}],"author":[{"embeddable":true,"href":"https:\/\/bedu.tech\/es\/wp-json\/wp\/v2\/users\/11"}],"replies":[{"embeddable":true,"href":"https:\/\/bedu.tech\/es\/wp-json\/wp\/v2\/comments?post=3234"}],"version-history":[{"count":9,"href":"https:\/\/bedu.tech\/es\/wp-json\/wp\/v2\/pages\/3234\/revisions"}],"predecessor-version":[{"id":4590,"href":"https:\/\/bedu.tech\/es\/wp-json\/wp\/v2\/pages\/3234\/revisions\/4590"}],"wp:featuredmedia":[{"embeddable":true,"href":"https:\/\/bedu.tech\/es\/wp-json\/wp\/v2\/media\/2434"}],"wp:attachment":[{"href":"https:\/\/bedu.tech\/es\/wp-json\/wp\/v2\/media?parent=3234"}],"curies":[{"name":"wp","href":"https:\/\/api.w.org\/{rel}","templated":true}]}}