{"id":3203,"date":"2022-12-16T12:25:27","date_gmt":"2022-12-16T15:25:27","guid":{"rendered":"https:\/\/bedu.tech\/?page_id=3203"},"modified":"2022-12-16T13:08:47","modified_gmt":"2022-12-16T16:08:47","slug":"cases","status":"publish","type":"page","link":"https:\/\/bedu.tech\/es\/cases\/","title":{"rendered":"Cases"},"content":{"rendered":"<div data-elementor-type=\"wp-page\" data-elementor-id=\"3203\" class=\"elementor elementor-3203\">\n\t\t\t\t\t\t<div class=\"elementor-inner\">\n\t\t\t\t<div class=\"elementor-section-wrap\">\n\t\t\t\t\t\t\t\t\t<section data-particle_enable=\"false\" data-particle-mobile-disabled=\"false\" class=\"elementor-section elementor-top-section elementor-element elementor-element-e31d351 elementor-section-boxed elementor-section-height-default elementor-section-height-default elementor-invisible\" data-id=\"e31d351\" data-element_type=\"section\" data-settings=\"{&quot;jet_parallax_layout_list&quot;:[{&quot;jet_parallax_layout_image&quot;:{&quot;url&quot;:&quot;&quot;,&quot;id&quot;:&quot;&quot;,&quot;size&quot;:&quot;&quot;},&quot;_id&quot;:&quot;c7910c9&quot;,&quot;jet_parallax_layout_image_tablet&quot;:{&quot;url&quot;:&quot;&quot;,&quot;id&quot;:&quot;&quot;,&quot;size&quot;:&quot;&quot;},&quot;jet_parallax_layout_image_mobile&quot;:{&quot;url&quot;:&quot;&quot;,&quot;id&quot;:&quot;&quot;,&quot;size&quot;:&quot;&quot;},&quot;jet_parallax_layout_speed&quot;:{&quot;unit&quot;:&quot;%&quot;,&quot;size&quot;:50,&quot;sizes&quot;:[]},&quot;jet_parallax_layout_type&quot;:&quot;scroll&quot;,&quot;jet_parallax_layout_direction&quot;:null,&quot;jet_parallax_layout_fx_direction&quot;:null,&quot;jet_parallax_layout_z_index&quot;:&quot;&quot;,&quot;jet_parallax_layout_bg_x&quot;:50,&quot;jet_parallax_layout_bg_x_tablet&quot;:&quot;&quot;,&quot;jet_parallax_layout_bg_x_mobile&quot;:&quot;&quot;,&quot;jet_parallax_layout_bg_y&quot;:50,&quot;jet_parallax_layout_bg_y_tablet&quot;:&quot;&quot;,&quot;jet_parallax_layout_bg_y_mobile&quot;:&quot;&quot;,&quot;jet_parallax_layout_bg_size&quot;:&quot;auto&quot;,&quot;jet_parallax_layout_bg_size_tablet&quot;:&quot;&quot;,&quot;jet_parallax_layout_bg_size_mobile&quot;:&quot;&quot;,&quot;jet_parallax_layout_animation_prop&quot;:&quot;transform&quot;,&quot;jet_parallax_layout_on&quot;:[&quot;desktop&quot;,&quot;tablet&quot;]}],&quot;animation&quot;:&quot;fadeIn&quot;}\">\n\t\t\t\t\t\t<div class=\"elementor-container elementor-column-gap-default\">\n\t\t\t\t\t\t\t<div class=\"elementor-row\">\n\t\t\t\t\t<div class=\"elementor-column elementor-col-100 elementor-top-column elementor-element elementor-element-e6dc73d\" data-id=\"e6dc73d\" data-element_type=\"column\">\n\t\t\t<div class=\"elementor-column-wrap elementor-element-populated\">\n\t\t\t\t\t\t\t<div class=\"elementor-widget-wrap\">\n\t\t\t\t\t\t<div class=\"elementor-element elementor-element-1db8438 elementor-widget elementor-widget-spacer\" data-id=\"1db8438\" data-element_type=\"widget\" data-widget_type=\"spacer.default\">\n\t\t\t\t<div class=\"elementor-widget-container\">\n\t\t\t\t\t<div class=\"elementor-spacer\">\n\t\t\t<div class=\"elementor-spacer-inner\"><\/div>\n\t\t<\/div>\n\t\t\t\t<\/div>\n\t\t\t\t<\/div>\n\t\t\t\t<div class=\"elementor-element elementor-element-8ba1a4c elementor-widget elementor-widget-heading\" data-id=\"8ba1a4c\" data-element_type=\"widget\" data-widget_type=\"heading.default\">\n\t\t\t\t<div class=\"elementor-widget-container\">\n\t\t\t<h2 class=\"elementor-heading-title elementor-size-default\">CASES<\/h2>\t\t<\/div>\n\t\t\t\t<\/div>\n\t\t\t\t<div class=\"elementor-element elementor-element-c0d259a elementor-widget elementor-widget-heading\" data-id=\"c0d259a\" data-element_type=\"widget\" data-widget_type=\"heading.default\">\n\t\t\t\t<div class=\"elementor-widget-container\">\n\t\t\t<h2 class=\"elementor-heading-title elementor-size-default\">Alguns dos trabalhos desenvolvidos pela Bedu.tech<\/h2>\t\t<\/div>\n\t\t\t\t<\/div>\n\t\t\t\t\t\t<\/div>\n\t\t\t\t\t<\/div>\n\t\t<\/div>\n\t\t\t\t\t\t\t\t<\/div>\n\t\t\t\t\t<\/div>\n\t\t<\/section>\n\t\t\t\t<section data-particle_enable=\"false\" data-particle-mobile-disabled=\"false\" class=\"elementor-section elementor-top-section elementor-element elementor-element-1a5415a8 animated-slow elementor-section-boxed elementor-section-height-default elementor-section-height-default elementor-invisible\" data-id=\"1a5415a8\" data-element_type=\"section\" data-settings=\"{&quot;jet_parallax_layout_list&quot;:[{&quot;jet_parallax_layout_image&quot;:{&quot;url&quot;:&quot;&quot;,&quot;id&quot;:&quot;&quot;,&quot;size&quot;:&quot;&quot;},&quot;_id&quot;:&quot;d6f4775&quot;,&quot;jet_parallax_layout_image_tablet&quot;:{&quot;url&quot;:&quot;&quot;,&quot;id&quot;:&quot;&quot;,&quot;size&quot;:&quot;&quot;},&quot;jet_parallax_layout_image_mobile&quot;:{&quot;url&quot;:&quot;&quot;,&quot;id&quot;:&quot;&quot;,&quot;size&quot;:&quot;&quot;},&quot;jet_parallax_layout_speed&quot;:{&quot;unit&quot;:&quot;%&quot;,&quot;size&quot;:50,&quot;sizes&quot;:[]},&quot;jet_parallax_layout_type&quot;:&quot;scroll&quot;,&quot;jet_parallax_layout_direction&quot;:null,&quot;jet_parallax_layout_fx_direction&quot;:null,&quot;jet_parallax_layout_z_index&quot;:&quot;&quot;,&quot;jet_parallax_layout_bg_x&quot;:50,&quot;jet_parallax_layout_bg_x_tablet&quot;:&quot;&quot;,&quot;jet_parallax_layout_bg_x_mobile&quot;:&quot;&quot;,&quot;jet_parallax_layout_bg_y&quot;:50,&quot;jet_parallax_layout_bg_y_tablet&quot;:&quot;&quot;,&quot;jet_parallax_layout_bg_y_mobile&quot;:&quot;&quot;,&quot;jet_parallax_layout_bg_size&quot;:&quot;auto&quot;,&quot;jet_parallax_layout_bg_size_tablet&quot;:&quot;&quot;,&quot;jet_parallax_layout_bg_size_mobile&quot;:&quot;&quot;,&quot;jet_parallax_layout_animation_prop&quot;:&quot;transform&quot;,&quot;jet_parallax_layout_on&quot;:[&quot;desktop&quot;,&quot;tablet&quot;]}],&quot;animation&quot;:&quot;fadeIn&quot;}\">\n\t\t\t\t\t\t<div class=\"elementor-container elementor-column-gap-extended\">\n\t\t\t\t\t\t\t<div class=\"elementor-row\">\n\t\t\t\t\t<div class=\"elementor-column elementor-col-100 elementor-top-column elementor-element elementor-element-1ece9d8d\" data-id=\"1ece9d8d\" data-element_type=\"column\">\n\t\t\t<div class=\"elementor-column-wrap elementor-element-populated\">\n\t\t\t\t\t\t\t<div class=\"elementor-widget-wrap\">\n\t\t\t\t\t\t<div class=\"elementor-element elementor-element-4dfdd72a elementor-grid-tablet-3 elementor-grid-3 elementor-grid-mobile-1 elementor-posts--thumbnail-top elementor-card-shadow-yes elementor-posts__hover-gradient elementor-widget elementor-widget-posts\" data-id=\"4dfdd72a\" data-element_type=\"widget\" data-settings=\"{&quot;cards_row_gap&quot;:{&quot;unit&quot;:&quot;px&quot;,&quot;size&quot;:20,&quot;sizes&quot;:[]},&quot;cards_columns_tablet&quot;:&quot;3&quot;,&quot;cards_columns&quot;:&quot;3&quot;,&quot;cards_columns_mobile&quot;:&quot;1&quot;,&quot;cards_row_gap_tablet&quot;:{&quot;unit&quot;:&quot;px&quot;,&quot;size&quot;:&quot;&quot;,&quot;sizes&quot;:[]},&quot;cards_row_gap_mobile&quot;:{&quot;unit&quot;:&quot;px&quot;,&quot;size&quot;:&quot;&quot;,&quot;sizes&quot;:[]}}\" data-widget_type=\"posts.cards\">\n\t\t\t\t<div class=\"elementor-widget-container\">\n\t\t\t\t\t<div class=\"elementor-posts-container elementor-posts elementor-posts--skin-cards elementor-grid\">\n\t\t\t\t<article class=\"elementor-post elementor-grid-item post-3219 post type-post status-publish format-standard has-post-thumbnail hentry category-cases\">\n\t\t\t<div class=\"elementor-post__card\">\n\t\t\t\t<a class=\"elementor-post__thumbnail__link\" href=\"https:\/\/bedu.tech\/es\/bedu-tech-leva-alta-tecnologia-de-conectividade-a-projeto-piloto-do-mec-educacao-conectada\/\" ><div class=\"elementor-post__thumbnail\"><img width=\"1080\" height=\"720\" src=\"https:\/\/bedu.tech\/wp-content\/uploads\/2022\/12\/criancas_tech-e1601642722393.jpg\" class=\"attachment-full size-full wp-image-3220\" alt=\"\" decoding=\"async\" loading=\"lazy\" srcset=\"https:\/\/bedu.tech\/wp-content\/uploads\/2022\/12\/criancas_tech-e1601642722393.jpg 1080w, https:\/\/bedu.tech\/wp-content\/uploads\/2022\/12\/criancas_tech-e1601642722393-300x200.jpg 300w, https:\/\/bedu.tech\/wp-content\/uploads\/2022\/12\/criancas_tech-e1601642722393-1024x683.jpg 1024w, https:\/\/bedu.tech\/wp-content\/uploads\/2022\/12\/criancas_tech-e1601642722393-768x512.jpg 768w\" sizes=\"(max-width: 1080px) 100vw, 1080px\" \/><\/div><\/a>\n\t\t\t\t<div class=\"elementor-post__text\">\n\t\t\t\t<h3 class=\"elementor-post__title\">\n\t\t\t<a href=\"https:\/\/bedu.tech\/es\/bedu-tech-leva-alta-tecnologia-de-conectividade-a-projeto-piloto-do-mec-educacao-conectada\/\" >\n\t\t\t\tBedu.Tech pilota projeto \u201cEduca\u00e7\u00e3o Conectada\u201d do MEC\t\t\t<\/a>\n\t\t<\/h3>\n\t\t\t\t<div class=\"elementor-post__excerpt\">\n\t\t\t<p>Iniciativa do Governo Federal beneficiar\u00e1 cerca de 266 mil alunos de 473 escolas p\u00fablicas e urbanas das cidades de Caic\u00f3 (RN), Campina Grande (PB), Caruaru (PE), Juazeiro (CE), Mossor\u00f3 (RN) e Petrolina (PE). Solu\u00e7\u00e3o adotada foi a da Cisco (Meraki), arquitetura completa de rede gerenciada 100% na nuvem<\/p>\n\t\t<\/div>\n\t\t\t\t<\/div>\n\t\t\t\t\t<\/div>\n\t\t<\/article>\n\t\t\t\t<\/div>\n\n\n\t\t\n\t\t\t\t<\/div>\n\t\t\t\t<\/div>\n\t\t\t\t<div class=\"elementor-element elementor-element-74946d6 elementor-widget elementor-widget-spacer\" data-id=\"74946d6\" data-element_type=\"widget\" data-widget_type=\"spacer.default\">\n\t\t\t\t<div class=\"elementor-widget-container\">\n\t\t\t\t\t<div class=\"elementor-spacer\">\n\t\t\t<div class=\"elementor-spacer-inner\"><\/div>\n\t\t<\/div>\n\t\t\t\t<\/div>\n\t\t\t\t<\/div>\n\t\t\t\t\t\t<\/div>\n\t\t\t\t\t<\/div>\n\t\t<\/div>\n\t\t\t\t\t\t\t\t<\/div>\n\t\t\t\t\t<\/div>\n\t\t<\/section>\n\t\t\t\t\t\t\t\t\t<\/div>\n\t\t\t<\/div>\n\t\t\t\t\t<\/div>","protected":false},"excerpt":{"rendered":"<p>CASES Alguns dos trabalhos desenvolvidos pela Bedu.tech<\/p>","protected":false},"author":11,"featured_media":2434,"parent":0,"menu_order":0,"comment_status":"closed","ping_status":"closed","template":"elementor_header_footer","meta":{"om_disable_all_campaigns":false,"_monsterinsights_skip_tracking":false,"_monsterinsights_sitenote_active":false,"_monsterinsights_sitenote_note":"","_monsterinsights_sitenote_category":0},"aioseo_notices":[],"yoast_head":"<!-- This site is optimized with the Yoast SEO plugin v20.9 - https:\/\/yoast.com\/wordpress\/plugins\/seo\/ -->\n<title>Tecnologia para institui\u00e7\u00f5es de ensino - Bedu.Tech<\/title>\n<meta name=\"description\" content=\"Tecnologia para institui\u00e7\u00f5es de ensino focadas em inova\u00e7\u00e3o, qualidade e melhoria cont\u00ednua. Uma jornada de aprendizagem para a vida\" \/>\n<meta name=\"robots\" content=\"index, follow, max-snippet:-1, max-image-preview:large, max-video-preview:-1\" \/>\n<link rel=\"canonical\" href=\"https:\/\/bedu.tech\/es\/cases\/\" \/>\n<meta property=\"og:locale\" content=\"es_ES\" \/>\n<meta property=\"og:type\" content=\"article\" \/>\n<meta property=\"og:title\" content=\"Tecnologia para institui\u00e7\u00f5es de ensino - Bedu.Tech\" \/>\n<meta property=\"og:description\" content=\"Tecnologia para institui\u00e7\u00f5es de ensino focadas em inova\u00e7\u00e3o, qualidade e melhoria cont\u00ednua. Uma jornada de aprendizagem para a vida\" \/>\n<meta property=\"og:url\" content=\"https:\/\/bedu.tech\/es\/cases\/\" \/>\n<meta property=\"og:site_name\" content=\"Bedu Tech\" \/>\n<meta property=\"article:modified_time\" content=\"2022-12-16T16:08:47+00:00\" \/>\n<meta name=\"twitter:card\" content=\"summary_large_image\" \/>\n<meta name=\"twitter:image\" content=\"https:\/\/bedu.tech\/wp-content\/uploads\/2022\/09\/EDUCACAO-INTEGRADA-ILUSTRACAO.svg\" \/>\n<script type=\"application\/ld+json\" class=\"yoast-schema-graph\">{\"@context\":\"https:\/\/schema.org\",\"@graph\":[{\"@type\":\"WebPage\",\"@id\":\"https:\/\/bedu.tech\/cases\/\",\"url\":\"https:\/\/bedu.tech\/cases\/\",\"name\":\"Tecnologia para institui\u00e7\u00f5es de ensino - Bedu.Tech\",\"isPartOf\":{\"@id\":\"https:\/\/bedu.tech\/#website\"},\"datePublished\":\"2022-12-16T15:25:27+00:00\",\"dateModified\":\"2022-12-16T16:08:47+00:00\",\"description\":\"Tecnologia para institui\u00e7\u00f5es de ensino focadas em inova\u00e7\u00e3o, qualidade e melhoria cont\u00ednua. Uma jornada de aprendizagem para a vida\",\"breadcrumb\":{\"@id\":\"https:\/\/bedu.tech\/cases\/#breadcrumb\"},\"inLanguage\":\"es\",\"potentialAction\":[{\"@type\":\"ReadAction\",\"target\":[\"https:\/\/bedu.tech\/cases\/\"]}]},{\"@type\":\"BreadcrumbList\",\"@id\":\"https:\/\/bedu.tech\/cases\/#breadcrumb\",\"itemListElement\":[{\"@type\":\"ListItem\",\"position\":1,\"name\":\"In\u00edcio\",\"item\":\"https:\/\/bedu.tech\/\"},{\"@type\":\"ListItem\",\"position\":2,\"name\":\"Cases\"}]},{\"@type\":\"WebSite\",\"@id\":\"https:\/\/bedu.tech\/#website\",\"url\":\"https:\/\/bedu.tech\/\",\"name\":\"Bedu Tech\",\"description\":\"Tecnologia para Educa\u00e7\u00e3o\",\"potentialAction\":[{\"@type\":\"SearchAction\",\"target\":{\"@type\":\"EntryPoint\",\"urlTemplate\":\"https:\/\/bedu.tech\/?s={search_term_string}\"},\"query-input\":\"required name=search_term_string\"}],\"inLanguage\":\"es\"}]}<\/script>\n<!-- \/ Yoast SEO plugin. -->","yoast_head_json":{"title":"Tecnologia para institui\u00e7\u00f5es de ensino - Bedu.Tech","description":"Tecnologia para institui\u00e7\u00f5es de ensino focadas em inova\u00e7\u00e3o, qualidade e melhoria cont\u00ednua. Uma jornada de aprendizagem para a vida","robots":{"index":"index","follow":"follow","max-snippet":"max-snippet:-1","max-image-preview":"max-image-preview:large","max-video-preview":"max-video-preview:-1"},"canonical":"https:\/\/bedu.tech\/es\/cases\/","og_locale":"es_ES","og_type":"article","og_title":"Tecnologia para institui\u00e7\u00f5es de ensino - Bedu.Tech","og_description":"Tecnologia para institui\u00e7\u00f5es de ensino focadas em inova\u00e7\u00e3o, qualidade e melhoria cont\u00ednua. Uma jornada de aprendizagem para a vida","og_url":"https:\/\/bedu.tech\/es\/cases\/","og_site_name":"Bedu Tech","article_modified_time":"2022-12-16T16:08:47+00:00","twitter_card":"summary_large_image","twitter_image":"https:\/\/bedu.tech\/wp-content\/uploads\/2022\/09\/EDUCACAO-INTEGRADA-ILUSTRACAO.svg","schema":{"@context":"https:\/\/schema.org","@graph":[{"@type":"WebPage","@id":"https:\/\/bedu.tech\/cases\/","url":"https:\/\/bedu.tech\/cases\/","name":"Tecnologia para institui\u00e7\u00f5es de ensino - Bedu.Tech","isPartOf":{"@id":"https:\/\/bedu.tech\/#website"},"datePublished":"2022-12-16T15:25:27+00:00","dateModified":"2022-12-16T16:08:47+00:00","description":"Tecnologia para institui\u00e7\u00f5es de ensino focadas em inova\u00e7\u00e3o, qualidade e melhoria cont\u00ednua. Uma jornada de aprendizagem para a vida","breadcrumb":{"@id":"https:\/\/bedu.tech\/cases\/#breadcrumb"},"inLanguage":"es","potentialAction":[{"@type":"ReadAction","target":["https:\/\/bedu.tech\/cases\/"]}]},{"@type":"BreadcrumbList","@id":"https:\/\/bedu.tech\/cases\/#breadcrumb","itemListElement":[{"@type":"ListItem","position":1,"name":"In\u00edcio","item":"https:\/\/bedu.tech\/"},{"@type":"ListItem","position":2,"name":"Cases"}]},{"@type":"WebSite","@id":"https:\/\/bedu.tech\/#website","url":"https:\/\/bedu.tech\/","name":"Bedu Tech","description":"Tecnologia para Educa\u00e7\u00e3o","potentialAction":[{"@type":"SearchAction","target":{"@type":"EntryPoint","urlTemplate":"https:\/\/bedu.tech\/?s={search_term_string}"},"query-input":"required name=search_term_string"}],"inLanguage":"es"}]}},"_links":{"self":[{"href":"https:\/\/bedu.tech\/es\/wp-json\/wp\/v2\/pages\/3203"}],"collection":[{"href":"https:\/\/bedu.tech\/es\/wp-json\/wp\/v2\/pages"}],"about":[{"href":"https:\/\/bedu.tech\/es\/wp-json\/wp\/v2\/types\/page"}],"author":[{"embeddable":true,"href":"https:\/\/bedu.tech\/es\/wp-json\/wp\/v2\/users\/11"}],"replies":[{"embeddable":true,"href":"https:\/\/bedu.tech\/es\/wp-json\/wp\/v2\/comments?post=3203"}],"version-history":[{"count":0,"href":"https:\/\/bedu.tech\/es\/wp-json\/wp\/v2\/pages\/3203\/revisions"}],"wp:featuredmedia":[{"embeddable":true,"href":"https:\/\/bedu.tech\/es\/wp-json\/wp\/v2\/media\/2434"}],"wp:attachment":[{"href":"https:\/\/bedu.tech\/es\/wp-json\/wp\/v2\/media?parent=3203"}],"curies":[{"name":"wp","href":"https:\/\/api.w.org\/{rel}","templated":true}]}}