{"id":4017,"date":"2023-05-06T12:31:50","date_gmt":"2023-05-06T15:31:50","guid":{"rendered":"https:\/\/bedu.tech\/?page_id=4017"},"modified":"2023-07-25T13:37:57","modified_gmt":"2023-07-25T16:37:57","slug":"google-cloud","status":"publish","type":"page","link":"https:\/\/bedu.tech\/en\/google-cloud\/","title":{"rendered":"Google Cloud"},"content":{"rendered":"<div data-elementor-type=\"wp-page\" data-elementor-id=\"4017\" class=\"elementor elementor-4017\">\n\t\t\t\t\t\t<div class=\"elementor-inner\">\n\t\t\t\t<div class=\"elementor-section-wrap\">\n\t\t\t\t\t\t\t<div class=\"elementor-element elementor-element-9974e36 e-con-boxed e-flex e-con\" data-id=\"9974e36\" data-element_type=\"container\" data-settings=\"{&quot;background_background&quot;:&quot;classic&quot;,&quot;jet_parallax_layout_list&quot;:[],&quot;content_width&quot;:&quot;boxed&quot;}\">\n\t\t\t\t\t<div class=\"e-con-inner\">\n\t\t\t\t<div class=\"elementor-element elementor-element-c590a51 elementor-widget elementor-widget-eael-fancy-text\" data-id=\"c590a51\" data-element_type=\"widget\" data-widget_type=\"eael-fancy-text.default\">\n\t\t\t\t<div class=\"elementor-widget-container\">\n\t\t\t\n\t<div  class=\"eael-fancy-text-container style-1\" data-fancy-text-id=\"c590a51\" data-fancy-text=\"|Google Cloud\" data-fancy-text-transition-type=\"typing\" data-fancy-text-speed=\"50\" data-fancy-text-delay=\"2500\" data-fancy-text-cursor=\"yes\" data-fancy-text-loop=\"yes\" >\n\t\t\t\t\t<span class=\"eael-fancy-text-prefix\">A Solu\u00e7\u00e3o <\/span>\n\t\t\n\t\t\n\t\t\t\t\t<span id=\"eael-fancy-text-c590a51\" class=\"eael-fancy-text-strings solid-color\">\n\t\t\t\t<noscript>\n\t\t\t\t\tGoogle Cloud\t\t\t\t<\/noscript>\n\t\t\t<\/span>\n\t\t\n\t\t\t<\/div><!-- close .eael-fancy-text-container -->\n\n\t<div class=\"clearfix\"><\/div>\n\n\t\t\t<\/div>\n\t\t\t\t<\/div>\n\t\t\t\t\t<\/div>\n\t\t\t\t<\/div>\n\t\t<div class=\"elementor-element elementor-element-d2638e0 e-con-boxed e-flex e-con\" data-id=\"d2638e0\" data-element_type=\"container\" data-settings=\"{&quot;jet_parallax_layout_list&quot;:[],&quot;content_width&quot;:&quot;boxed&quot;}\">\n\t\t\t\t\t<div class=\"e-con-inner\">\n\t\t<div class=\"elementor-element elementor-element-e5595fd e-con-boxed e-flex e-con\" data-id=\"e5595fd\" data-element_type=\"container\" data-settings=\"{&quot;jet_parallax_layout_list&quot;:[],&quot;content_width&quot;:&quot;boxed&quot;}\">\n\t\t\t\t\t<div class=\"e-con-inner\">\n\t\t\t\t<div class=\"elementor-element elementor-element-bae6e43 elementor-widget elementor-widget-heading\" data-id=\"bae6e43\" data-element_type=\"widget\" data-widget_type=\"heading.default\">\n\t\t\t\t<div class=\"elementor-widget-container\">\n\t\t\t<h2 class=\"elementor-heading-title elementor-size-default\">A transforma\u00e7\u00e3o digital do seu neg\u00f3cio come\u00e7a aqui!<\/h2>\t\t<\/div>\n\t\t\t\t<\/div>\n\t\t\t\t<div class=\"elementor-element elementor-element-345e47a elementor-widget elementor-widget-text-editor\" data-id=\"345e47a\" data-element_type=\"widget\" data-widget_type=\"text-editor.default\">\n\t\t\t\t<div class=\"elementor-widget-container\">\n\t\t\t\t\t\t\t\t<div class=\"elementor-text-editor elementor-clearfix\">\n\t\t\t\t<p><span style=\"font-weight: 400;\">O ambiente de nuvem proporciona uma nova cultura organizacional. A moderniza\u00e7\u00e3o da infraestrutura de servidores e sistemas, gera processos eficazes, simplicidade na gest\u00e3o, flexibilidade, seguran\u00e7a, rela\u00e7\u00e3o custo-benef\u00edcio, escalabilidade e disponibilidade, melhorando suas entregas para a \u00e1rea educacional.<\/span><\/p>\t\t\t\t\t<\/div>\n\t\t\t\t\t\t<\/div>\n\t\t\t\t<\/div>\n\t\t\t\t<div class=\"elementor-element elementor-element-e39e3f3 elementor-widget elementor-widget-text-editor\" data-id=\"e39e3f3\" data-element_type=\"widget\" data-widget_type=\"text-editor.default\">\n\t\t\t\t<div class=\"elementor-widget-container\">\n\t\t\t\t\t\t\t\t<div class=\"elementor-text-editor elementor-clearfix\">\n\t\t\t\t<p><span style=\"font-weight: 400;\">Otimize e gerencie a experi\u00eancia de professores e alunos com a utiliza\u00e7\u00e3o de recursos inovadores de Machine Learning, Intelig\u00eancia Artificial e Data Analytics.<\/span><\/p>\t\t\t\t\t<\/div>\n\t\t\t\t\t\t<\/div>\n\t\t\t\t<\/div>\n\t\t\t\t\t<\/div>\n\t\t\t\t<\/div>\n\t\t\t\t\t<\/div>\n\t\t\t\t<\/div>\n\t\t<div class=\"elementor-element elementor-element-12f1bd9 e-con-boxed e-flex e-con\" data-id=\"12f1bd9\" data-element_type=\"container\" data-settings=\"{&quot;background_background&quot;:&quot;classic&quot;,&quot;jet_parallax_layout_list&quot;:[],&quot;content_width&quot;:&quot;boxed&quot;}\">\n\t\t\t\t\t<div class=\"e-con-inner\">\n\t\t<div class=\"elementor-element elementor-element-36750ee e-con-full e-flex e-con\" data-id=\"36750ee\" data-element_type=\"container\" data-settings=\"{&quot;content_width&quot;:&quot;full&quot;,&quot;jet_parallax_layout_list&quot;:[]}\">\n\t\t\t\t<div class=\"elementor-element elementor-element-71965aa elementor-widget elementor-widget-image\" data-id=\"71965aa\" data-element_type=\"widget\" data-widget_type=\"image.default\">\n\t\t\t\t<div class=\"elementor-widget-container\">\n\t\t\t\t\t\t\t\t<div class=\"elementor-image\">\n\t\t\t\t\t\t\t\t\t\t\t\t<img decoding=\"async\" width=\"450\" height=\"450\" src=\"https:\/\/bedu.tech\/wp-content\/uploads\/2023\/06\/biz.connect_imagem1.jpg\" class=\"attachment-full size-full wp-image-4234\" alt=\"\" loading=\"lazy\" srcset=\"https:\/\/bedu.tech\/wp-content\/uploads\/2023\/06\/biz.connect_imagem1.jpg 450w, https:\/\/bedu.tech\/wp-content\/uploads\/2023\/06\/biz.connect_imagem1-300x300.jpg 300w, https:\/\/bedu.tech\/wp-content\/uploads\/2023\/06\/biz.connect_imagem1-150x150.jpg 150w, https:\/\/bedu.tech\/wp-content\/uploads\/2023\/06\/biz.connect_imagem1-12x12.jpg 12w\" sizes=\"(max-width: 450px) 100vw, 450px\" \/>\t\t\t\t\t\t\t\t\t\t\t\t\t\t<\/div>\n\t\t\t\t\t\t<\/div>\n\t\t\t\t<\/div>\n\t\t\t\t<\/div>\n\t\t<div class=\"elementor-element elementor-element-3d57a8f e-con-full e-flex e-con\" data-id=\"3d57a8f\" data-element_type=\"container\" data-settings=\"{&quot;content_width&quot;:&quot;full&quot;,&quot;jet_parallax_layout_list&quot;:[]}\">\n\t\t\t\t<div class=\"elementor-element elementor-element-a78449d elementor-invisible elementor-widget elementor-widget-heading\" data-id=\"a78449d\" data-element_type=\"widget\" data-settings=\"{&quot;_animation&quot;:&quot;fadeInUp&quot;}\" data-widget_type=\"heading.default\">\n\t\t\t\t<div class=\"elementor-widget-container\">\n\t\t\t<h2 class=\"elementor-heading-title elementor-size-default\">Machine Learning, Intelig\u00eancia Artificial e Data Analytics<\/h2>\t\t<\/div>\n\t\t\t\t<\/div>\n\t\t\t\t<div class=\"elementor-element elementor-element-143abf1 elementor-widget elementor-widget-text-editor\" data-id=\"143abf1\" data-element_type=\"widget\" data-widget_type=\"text-editor.default\">\n\t\t\t\t<div class=\"elementor-widget-container\">\n\t\t\t\t\t\t\t\t<div class=\"elementor-text-editor elementor-clearfix\">\n\t\t\t\t<p>Com mais de 20 op\u00e7\u00f5es de produtos, a Bedu.Tech entrega uma solu\u00e7\u00e3o de disaster recovery e backup atrav\u00e9s da plataforma Google Cloud.<\/p>\t\t\t\t\t<\/div>\n\t\t\t\t\t\t<\/div>\n\t\t\t\t<\/div>\n\t\t<div class=\"elementor-element elementor-element-a6db722 e-con-boxed e-flex e-con\" data-id=\"a6db722\" data-element_type=\"container\" data-settings=\"{&quot;jet_parallax_layout_list&quot;:[],&quot;content_width&quot;:&quot;boxed&quot;}\">\n\t\t\t\t\t<div class=\"e-con-inner\">\n\t\t\t\t<div class=\"elementor-element elementor-element-49376ff elementor-widget__width-auto elementor-widget-mobile__width-inherit elementor-invisible elementor-widget elementor-widget-image\" data-id=\"49376ff\" data-element_type=\"widget\" data-settings=\"{&quot;_animation&quot;:&quot;fadeInRight&quot;}\" data-widget_type=\"image.default\">\n\t\t\t\t<div class=\"elementor-widget-container\">\n\t\t\t\t\t\t\t\t<div class=\"elementor-image\">\n\t\t\t\t\t\t\t\t\t\t\t\t<img decoding=\"async\" width=\"191\" height=\"46\" src=\"https:\/\/bedu.tech\/wp-content\/uploads\/2022\/09\/GOOGLE-CLOUD-2.svg\" class=\"attachment-large size-large wp-image-2466\" alt=\"google cloud tecnologia institui\u00e7\u00f5es de ensino\" loading=\"lazy\" \/>\t\t\t\t\t\t\t\t\t\t\t\t\t\t<\/div>\n\t\t\t\t\t\t<\/div>\n\t\t\t\t<\/div>\n\t\t\t\t\t<\/div>\n\t\t\t\t<\/div>\n\t\t\t\t<\/div>\n\t\t\t\t\t<\/div>\n\t\t\t\t<\/div>\n\t\t<div class=\"elementor-element elementor-element-4cb00ed e-con-boxed e-flex e-con\" data-id=\"4cb00ed\" data-element_type=\"container\" data-settings=\"{&quot;background_background&quot;:&quot;classic&quot;,&quot;jet_parallax_layout_list&quot;:[],&quot;content_width&quot;:&quot;boxed&quot;}\">\n\t\t\t\t\t<div class=\"e-con-inner\">\n\t\t<div class=\"elementor-element elementor-element-fce35a6 e-con-full e-flex e-con\" data-id=\"fce35a6\" data-element_type=\"container\" data-settings=\"{&quot;content_width&quot;:&quot;full&quot;,&quot;jet_parallax_layout_list&quot;:[]}\">\n\t\t\t\t<div class=\"elementor-element elementor-element-e3ff762 elementor-widget elementor-widget-heading\" data-id=\"e3ff762\" data-element_type=\"widget\" data-widget_type=\"heading.default\">\n\t\t\t\t<div class=\"elementor-widget-container\">\n\t\t\t<h2 class=\"elementor-heading-title elementor-size-default\">Conhe\u00e7a as melhores solu\u00e7\u00f5es em nuvem pronta para transformar digitalmente  seu neg\u00f3cio<\/h2>\t\t<\/div>\n\t\t\t\t<\/div>\n\t\t\t\t<div class=\"elementor-element elementor-element-d5ca4ec elementor-align-left elementor-mobile-align-center elementor-widget elementor-widget-button\" data-id=\"d5ca4ec\" data-element_type=\"widget\" data-widget_type=\"button.default\">\n\t\t\t\t<div class=\"elementor-widget-container\">\n\t\t\t\t\t<div class=\"elementor-button-wrapper\">\n\t\t\t<a href=\"#entreemcontato\" class=\"elementor-button-link elementor-button elementor-size-sm\" role=\"button\">\n\t\t\t\t\t\t<span class=\"elementor-button-content-wrapper\">\n\t\t\t\t\t\t<span class=\"elementor-button-text\">Falar com Consultor<\/span>\n\t\t<\/span>\n\t\t\t\t\t<\/a>\n\t\t<\/div>\n\t\t\t\t<\/div>\n\t\t\t\t<\/div>\n\t\t\t\t<\/div>\n\t\t<div class=\"elementor-element elementor-element-d8b7f2d e-con-full e-flex e-con\" data-id=\"d8b7f2d\" data-element_type=\"container\" data-settings=\"{&quot;content_width&quot;:&quot;full&quot;,&quot;jet_parallax_layout_list&quot;:[]}\">\n\t\t\t\t<\/div>\n\t\t\t\t\t<\/div>\n\t\t\t\t<\/div>\n\t\t\t\t\t\t\t\t\t<\/div>\n\t\t\t<\/div>\n\t\t\t\t\t<\/div>","protected":false},"excerpt":{"rendered":"<p>A Solu\u00e7\u00e3o Google Cloud A transforma\u00e7\u00e3o digital do seu neg\u00f3cio come\u00e7a aqui! O ambiente de nuvem proporciona uma nova cultura organizacional. A moderniza\u00e7\u00e3o da infraestrutura de servidores e sistemas, gera processos eficazes, simplicidade na gest\u00e3o, flexibilidade, seguran\u00e7a, rela\u00e7\u00e3o custo-benef\u00edcio, escalabilidade e disponibilidade, melhorando suas entregas para a \u00e1rea educacional. Otimize e gerencie a experi\u00eancia de [&hellip;]<\/p>","protected":false},"author":11,"featured_media":0,"parent":0,"menu_order":0,"comment_status":"closed","ping_status":"closed","template":"","meta":{"om_disable_all_campaigns":false,"_monsterinsights_skip_tracking":false,"_monsterinsights_sitenote_active":false,"_monsterinsights_sitenote_note":"","_monsterinsights_sitenote_category":0},"aioseo_notices":[],"yoast_head":"<!-- This site is optimized with the Yoast SEO plugin v20.9 - https:\/\/yoast.com\/wordpress\/plugins\/seo\/ -->\n<title>Google Cloud | Bedu Tech<\/title>\n<meta name=\"robots\" content=\"index, follow, max-snippet:-1, max-image-preview:large, max-video-preview:-1\" \/>\n<link rel=\"canonical\" href=\"https:\/\/bedu.tech\/en\/google-cloud\/\" \/>\n<meta property=\"og:locale\" content=\"en_US\" \/>\n<meta property=\"og:type\" content=\"article\" \/>\n<meta property=\"og:title\" content=\"Google Cloud | Bedu Tech\" \/>\n<meta property=\"og:description\" content=\"A Solu\u00e7\u00e3o Google Cloud A transforma\u00e7\u00e3o digital do seu neg\u00f3cio come\u00e7a aqui! O ambiente de nuvem proporciona uma nova cultura organizacional. A moderniza\u00e7\u00e3o da infraestrutura de servidores e sistemas, gera processos eficazes, simplicidade na gest\u00e3o, flexibilidade, seguran\u00e7a, rela\u00e7\u00e3o custo-benef\u00edcio, escalabilidade e disponibilidade, melhorando suas entregas para a \u00e1rea educacional. Otimize e gerencie a experi\u00eancia de [&hellip;]\" \/>\n<meta property=\"og:url\" content=\"https:\/\/bedu.tech\/en\/google-cloud\/\" \/>\n<meta property=\"og:site_name\" content=\"Bedu Tech\" \/>\n<meta property=\"article:modified_time\" content=\"2023-07-25T16:37:57+00:00\" \/>\n<meta property=\"og:image\" content=\"https:\/\/bedu.tech\/wp-content\/uploads\/2023\/06\/biz.connect_imagem1.jpg\" \/>\n<meta name=\"twitter:card\" content=\"summary_large_image\" \/>\n<meta name=\"twitter:label1\" content=\"Est. reading time\" \/>\n\t<meta name=\"twitter:data1\" content=\"2 minutes\" \/>\n<script type=\"application\/ld+json\" class=\"yoast-schema-graph\">{\"@context\":\"https:\/\/schema.org\",\"@graph\":[{\"@type\":\"WebPage\",\"@id\":\"https:\/\/bedu.tech\/google-cloud\/\",\"url\":\"https:\/\/bedu.tech\/google-cloud\/\",\"name\":\"Google Cloud | Bedu Tech\",\"isPartOf\":{\"@id\":\"https:\/\/bedu.tech\/#website\"},\"datePublished\":\"2023-05-06T15:31:50+00:00\",\"dateModified\":\"2023-07-25T16:37:57+00:00\",\"breadcrumb\":{\"@id\":\"https:\/\/bedu.tech\/google-cloud\/#breadcrumb\"},\"inLanguage\":\"en-US\",\"potentialAction\":[{\"@type\":\"ReadAction\",\"target\":[\"https:\/\/bedu.tech\/google-cloud\/\"]}]},{\"@type\":\"BreadcrumbList\",\"@id\":\"https:\/\/bedu.tech\/google-cloud\/#breadcrumb\",\"itemListElement\":[{\"@type\":\"ListItem\",\"position\":1,\"name\":\"In\u00edcio\",\"item\":\"https:\/\/bedu.tech\/\"},{\"@type\":\"ListItem\",\"position\":2,\"name\":\"Google Cloud\"}]},{\"@type\":\"WebSite\",\"@id\":\"https:\/\/bedu.tech\/#website\",\"url\":\"https:\/\/bedu.tech\/\",\"name\":\"Bedu Tech\",\"description\":\"Tecnologia para Educa\u00e7\u00e3o\",\"potentialAction\":[{\"@type\":\"SearchAction\",\"target\":{\"@type\":\"EntryPoint\",\"urlTemplate\":\"https:\/\/bedu.tech\/?s={search_term_string}\"},\"query-input\":\"required name=search_term_string\"}],\"inLanguage\":\"en-US\"}]}<\/script>\n<!-- \/ Yoast SEO plugin. -->","yoast_head_json":{"title":"Google Cloud | Bedu Tech","robots":{"index":"index","follow":"follow","max-snippet":"max-snippet:-1","max-image-preview":"max-image-preview:large","max-video-preview":"max-video-preview:-1"},"canonical":"https:\/\/bedu.tech\/en\/google-cloud\/","og_locale":"en_US","og_type":"article","og_title":"Google Cloud | Bedu Tech","og_description":"A Solu\u00e7\u00e3o Google Cloud A transforma\u00e7\u00e3o digital do seu neg\u00f3cio come\u00e7a aqui! O ambiente de nuvem proporciona uma nova cultura organizacional. A moderniza\u00e7\u00e3o da infraestrutura de servidores e sistemas, gera processos eficazes, simplicidade na gest\u00e3o, flexibilidade, seguran\u00e7a, rela\u00e7\u00e3o custo-benef\u00edcio, escalabilidade e disponibilidade, melhorando suas entregas para a \u00e1rea educacional. Otimize e gerencie a experi\u00eancia de [&hellip;]","og_url":"https:\/\/bedu.tech\/en\/google-cloud\/","og_site_name":"Bedu Tech","article_modified_time":"2023-07-25T16:37:57+00:00","og_image":[{"url":"https:\/\/bedu.tech\/wp-content\/uploads\/2023\/06\/biz.connect_imagem1.jpg"}],"twitter_card":"summary_large_image","twitter_misc":{"Est. reading time":"2 minutes"},"schema":{"@context":"https:\/\/schema.org","@graph":[{"@type":"WebPage","@id":"https:\/\/bedu.tech\/google-cloud\/","url":"https:\/\/bedu.tech\/google-cloud\/","name":"Google Cloud | Bedu Tech","isPartOf":{"@id":"https:\/\/bedu.tech\/#website"},"datePublished":"2023-05-06T15:31:50+00:00","dateModified":"2023-07-25T16:37:57+00:00","breadcrumb":{"@id":"https:\/\/bedu.tech\/google-cloud\/#breadcrumb"},"inLanguage":"en-US","potentialAction":[{"@type":"ReadAction","target":["https:\/\/bedu.tech\/google-cloud\/"]}]},{"@type":"BreadcrumbList","@id":"https:\/\/bedu.tech\/google-cloud\/#breadcrumb","itemListElement":[{"@type":"ListItem","position":1,"name":"In\u00edcio","item":"https:\/\/bedu.tech\/"},{"@type":"ListItem","position":2,"name":"Google Cloud"}]},{"@type":"WebSite","@id":"https:\/\/bedu.tech\/#website","url":"https:\/\/bedu.tech\/","name":"Bedu Tech","description":"Tecnologia para Educa\u00e7\u00e3o","potentialAction":[{"@type":"SearchAction","target":{"@type":"EntryPoint","urlTemplate":"https:\/\/bedu.tech\/?s={search_term_string}"},"query-input":"required name=search_term_string"}],"inLanguage":"en-US"}]}},"_links":{"self":[{"href":"https:\/\/bedu.tech\/en\/wp-json\/wp\/v2\/pages\/4017"}],"collection":[{"href":"https:\/\/bedu.tech\/en\/wp-json\/wp\/v2\/pages"}],"about":[{"href":"https:\/\/bedu.tech\/en\/wp-json\/wp\/v2\/types\/page"}],"author":[{"embeddable":true,"href":"https:\/\/bedu.tech\/en\/wp-json\/wp\/v2\/users\/11"}],"replies":[{"embeddable":true,"href":"https:\/\/bedu.tech\/en\/wp-json\/wp\/v2\/comments?post=4017"}],"version-history":[{"count":34,"href":"https:\/\/bedu.tech\/en\/wp-json\/wp\/v2\/pages\/4017\/revisions"}],"predecessor-version":[{"id":4584,"href":"https:\/\/bedu.tech\/en\/wp-json\/wp\/v2\/pages\/4017\/revisions\/4584"}],"wp:attachment":[{"href":"https:\/\/bedu.tech\/en\/wp-json\/wp\/v2\/media?parent=4017"}],"curies":[{"name":"wp","href":"https:\/\/api.w.org\/{rel}","templated":true}]}}