{"id":3856,"date":"2023-05-05T11:47:19","date_gmt":"2023-05-05T14:47:19","guid":{"rendered":"https:\/\/bedu.tech\/?page_id=3856"},"modified":"2023-07-25T13:34:17","modified_gmt":"2023-07-25T16:34:17","slug":"educacao-integrada","status":"publish","type":"page","link":"https:\/\/bedu.tech\/en\/educacao-integrada\/","title":{"rendered":"Educa\u00e7\u00e3o Integrada"},"content":{"rendered":"<div data-elementor-type=\"wp-page\" data-elementor-id=\"3856\" class=\"elementor elementor-3856\">\n\t\t\t\t\t\t<div class=\"elementor-inner\">\n\t\t\t\t<div class=\"elementor-section-wrap\">\n\t\t\t\t\t\t\t<div class=\"elementor-element elementor-element-4c400f0 e-con-boxed e-flex e-con\" data-id=\"4c400f0\" data-element_type=\"container\" data-settings=\"{&quot;background_background&quot;:&quot;classic&quot;,&quot;jet_parallax_layout_list&quot;:[],&quot;content_width&quot;:&quot;boxed&quot;}\">\n\t\t\t\t\t<div class=\"e-con-inner\">\n\t\t\t\t<div class=\"elementor-element elementor-element-f473ed9 elementor-widget elementor-widget-eael-fancy-text\" data-id=\"f473ed9\" data-element_type=\"widget\" data-widget_type=\"eael-fancy-text.default\">\n\t\t\t\t<div class=\"elementor-widget-container\">\n\t\t\t\n\t<div  class=\"eael-fancy-text-container style-1\" data-fancy-text-id=\"f473ed9\" data-fancy-text=\"|Educa\u00e7\u00e3o Integrada\" data-fancy-text-transition-type=\"typing\" data-fancy-text-speed=\"50\" data-fancy-text-delay=\"2500\" data-fancy-text-cursor=\"yes\" data-fancy-text-loop=\"yes\" >\n\t\t\t\t\t<span class=\"eael-fancy-text-prefix\">O Programa <\/span>\n\t\t\n\t\t\n\t\t\t\t\t<span id=\"eael-fancy-text-f473ed9\" class=\"eael-fancy-text-strings solid-color\">\n\t\t\t\t<noscript>\n\t\t\t\t\tEduca\u00e7\u00e3o Integrada\t\t\t\t<\/noscript>\n\t\t\t<\/span>\n\t\t\n\t\t\t<\/div><!-- close .eael-fancy-text-container -->\n\n\t<div class=\"clearfix\"><\/div>\n\n\t\t\t<\/div>\n\t\t\t\t<\/div>\n\t\t\t\t\t<\/div>\n\t\t\t\t<\/div>\n\t\t<div class=\"elementor-element elementor-element-63284a9 e-con-boxed e-flex e-con\" data-id=\"63284a9\" data-element_type=\"container\" data-settings=\"{&quot;jet_parallax_layout_list&quot;:[],&quot;content_width&quot;:&quot;boxed&quot;}\">\n\t\t\t\t\t<div class=\"e-con-inner\">\n\t\t<div class=\"elementor-element elementor-element-6dbe71a e-con-full e-flex e-con\" data-id=\"6dbe71a\" data-element_type=\"container\" data-settings=\"{&quot;content_width&quot;:&quot;full&quot;,&quot;jet_parallax_layout_list&quot;:[]}\">\n\t\t\t\t<div class=\"elementor-element elementor-element-80667d1 elementor-widget elementor-widget-heading\" data-id=\"80667d1\" data-element_type=\"widget\" data-widget_type=\"heading.default\">\n\t\t\t\t<div class=\"elementor-widget-container\">\n\t\t\t<h2 class=\"elementor-heading-title elementor-size-default\">Servi\u00e7os personalizados para institui\u00e7\u00f5es de ensino\n<\/h2>\t\t<\/div>\n\t\t\t\t<\/div>\n\t\t\t\t<div class=\"elementor-element elementor-element-1ff479e elementor-widget elementor-widget-text-editor\" data-id=\"1ff479e\" data-element_type=\"widget\" data-widget_type=\"text-editor.default\">\n\t\t\t\t<div class=\"elementor-widget-container\">\n\t\t\t\t\t\t\t\t<div class=\"elementor-text-editor elementor-clearfix\">\n\t\t\t\t<p><span style=\"font-weight: 400;\">J\u00e1 imaginou ter solu\u00e7\u00f5es completas de conectividade e infraestrutura na sua institui\u00e7\u00e3o de ensino? Oferecemos servi\u00e7os exclusivos e personalizados em todo ambiente tecnol\u00f3gico.\u00a0<\/span><\/p>\t\t\t\t\t<\/div>\n\t\t\t\t\t\t<\/div>\n\t\t\t\t<\/div>\n\t\t\t\t<\/div>\n\t\t\t\t\t<\/div>\n\t\t\t\t<\/div>\n\t\t<div class=\"elementor-element elementor-element-ed5820c e-con-boxed e-flex e-con\" data-id=\"ed5820c\" data-element_type=\"container\" data-settings=\"{&quot;background_background&quot;:&quot;gradient&quot;,&quot;jet_parallax_layout_list&quot;:[],&quot;content_width&quot;:&quot;boxed&quot;}\">\n\t\t\t\t\t<div class=\"e-con-inner\">\n\t\t<div class=\"elementor-element elementor-element-2716c38 e-con-full e-flex e-con\" data-id=\"2716c38\" data-element_type=\"container\" data-settings=\"{&quot;content_width&quot;:&quot;full&quot;,&quot;jet_parallax_layout_list&quot;:[]}\">\n\t\t\t\t<div class=\"elementor-element elementor-element-3b0aafb elementor-widget elementor-widget-image\" data-id=\"3b0aafb\" data-element_type=\"widget\" data-settings=\"{&quot;motion_fx_motion_fx_scrolling&quot;:&quot;yes&quot;,&quot;motion_fx_translateX_effect&quot;:&quot;yes&quot;,&quot;motion_fx_translateX_affectedRange&quot;:{&quot;unit&quot;:&quot;%&quot;,&quot;size&quot;:&quot;&quot;,&quot;sizes&quot;:{&quot;start&quot;:41,&quot;end&quot;:64}},&quot;motion_fx_devices&quot;:[&quot;desktop&quot;,&quot;tablet&quot;],&quot;motion_fx_translateX_speed&quot;:{&quot;unit&quot;:&quot;px&quot;,&quot;size&quot;:4,&quot;sizes&quot;:[]}}\" data-widget_type=\"image.default\">\n\t\t\t\t<div class=\"elementor-widget-container\">\n\t\t\t\t\t\t\t\t<div class=\"elementor-image\">\n\t\t\t\t\t\t\t\t\t\t\t\t<img decoding=\"async\" width=\"2560\" height=\"2133\" src=\"https:\/\/bedu.tech\/wp-content\/uploads\/2023\/06\/educacao_integrada_imagem1-scaled.jpg\" class=\"attachment-full size-full wp-image-4232\" alt=\"\" loading=\"lazy\" srcset=\"https:\/\/bedu.tech\/wp-content\/uploads\/2023\/06\/educacao_integrada_imagem1-scaled.jpg 2560w, https:\/\/bedu.tech\/wp-content\/uploads\/2023\/06\/educacao_integrada_imagem1-300x250.jpg 300w, https:\/\/bedu.tech\/wp-content\/uploads\/2023\/06\/educacao_integrada_imagem1-1024x853.jpg 1024w, https:\/\/bedu.tech\/wp-content\/uploads\/2023\/06\/educacao_integrada_imagem1-768x640.jpg 768w, https:\/\/bedu.tech\/wp-content\/uploads\/2023\/06\/educacao_integrada_imagem1-1536x1280.jpg 1536w, https:\/\/bedu.tech\/wp-content\/uploads\/2023\/06\/educacao_integrada_imagem1-2048x1707.jpg 2048w, https:\/\/bedu.tech\/wp-content\/uploads\/2023\/06\/educacao_integrada_imagem1-14x12.jpg 14w\" sizes=\"(max-width: 2560px) 100vw, 2560px\" \/>\t\t\t\t\t\t\t\t\t\t\t\t\t\t<\/div>\n\t\t\t\t\t\t<\/div>\n\t\t\t\t<\/div>\n\t\t\t\t<\/div>\n\t\t<div class=\"elementor-element elementor-element-62ce5b5 e-con-full e-flex e-con\" data-id=\"62ce5b5\" data-element_type=\"container\" data-settings=\"{&quot;content_width&quot;:&quot;full&quot;,&quot;jet_parallax_layout_list&quot;:[]}\">\n\t\t\t\t<div class=\"elementor-element elementor-element-9673809 elementor-widget elementor-widget-text-editor\" data-id=\"9673809\" data-element_type=\"widget\" data-widget_type=\"text-editor.default\">\n\t\t\t\t<div class=\"elementor-widget-container\">\n\t\t\t\t\t\t\t\t<div class=\"elementor-text-editor elementor-clearfix\">\n\t\t\t\tCriado pela Bedu.Tech, o <b style=\"color: #ee7b27;\">Programa Educa\u00e7\u00e3o Integrada<\/b> foi desenvolvido para oferecer solu\u00e7\u00f5es completas de integra\u00e7\u00e3o, conectividade, infraestrutura (inclusive obras civis), implanta\u00e7\u00e3o de redes, internet, Wi-Fi, servi\u00e7os em nuvem, dispositivos (Chromebooks) e seguran\u00e7a.\t\t\t\t\t<\/div>\n\t\t\t\t\t\t<\/div>\n\t\t\t\t<\/div>\n\t\t\t\t<div class=\"elementor-element elementor-element-ea6d6d0 elementor-widget elementor-widget-text-editor\" data-id=\"ea6d6d0\" data-element_type=\"widget\" data-widget_type=\"text-editor.default\">\n\t\t\t\t<div class=\"elementor-widget-container\">\n\t\t\t\t\t\t\t\t<div class=\"elementor-text-editor elementor-clearfix\">\n\t\t\t\t<p>Complementando o programa, entregamos uma solu\u00e7\u00e3o que unifica o acesso e as informa\u00e7\u00f5es dos sistemas da sua institui\u00e7\u00e3o, sendo poss\u00edvel monitorar o ambiente em tempo real e a qualquer hora, promovendo ainda ampla redu\u00e7\u00e3o de custo operacional, acesso \u00e0s melhores tecnologias do mercado e integra\u00e7\u00e3o com as solu\u00e7\u00f5es Google for Education e Google Cloud.<\/p>\t\t\t\t\t<\/div>\n\t\t\t\t\t\t<\/div>\n\t\t\t\t<\/div>\n\t\t<div class=\"elementor-element elementor-element-a1884d6 e-con-boxed e-flex e-con\" data-id=\"a1884d6\" data-element_type=\"container\" data-settings=\"{&quot;jet_parallax_layout_list&quot;:[],&quot;content_width&quot;:&quot;boxed&quot;}\">\n\t\t\t\t\t<div class=\"e-con-inner\">\n\t\t\t\t<div class=\"elementor-element elementor-element-d1930d0 elementor-widget__width-auto elementor-widget-mobile__width-inherit elementor-invisible elementor-widget elementor-widget-image\" data-id=\"d1930d0\" data-element_type=\"widget\" data-settings=\"{&quot;_animation&quot;:&quot;fadeInRight&quot;}\" data-widget_type=\"image.default\">\n\t\t\t\t<div class=\"elementor-widget-container\">\n\t\t\t\t\t\t\t\t<div class=\"elementor-image\">\n\t\t\t\t\t\t\t\t\t\t\t\t\t<a href=\"https:\/\/bedu.tech\/en\/google-workspace-for-education\/\">\n\t\t\t\t\t\t\t<img decoding=\"async\" width=\"191\" height=\"46\" src=\"https:\/\/bedu.tech\/wp-content\/uploads\/2022\/09\/LOGO-GOOGLE-WORKPLACE.svg\" class=\"attachment-large size-large wp-image-2465\" alt=\"google workplace tecnologia institui\u00e7\u00f5es de ensino\" loading=\"lazy\" \/>\t\t\t\t\t\t\t\t<\/a>\n\t\t\t\t\t\t\t\t\t\t\t\t\t\t<\/div>\n\t\t\t\t\t\t<\/div>\n\t\t\t\t<\/div>\n\t\t\t\t<div class=\"elementor-element elementor-element-db4ffb1 elementor-widget__width-auto elementor-widget-mobile__width-inherit elementor-invisible elementor-widget elementor-widget-image\" data-id=\"db4ffb1\" data-element_type=\"widget\" data-settings=\"{&quot;_animation&quot;:&quot;fadeInRight&quot;}\" data-widget_type=\"image.default\">\n\t\t\t\t<div class=\"elementor-widget-container\">\n\t\t\t\t\t\t\t\t<div class=\"elementor-image\">\n\t\t\t\t\t\t\t\t\t\t\t\t\t<a href=\"https:\/\/bedu.tech\/en\/google-cloud\/\">\n\t\t\t\t\t\t\t<img decoding=\"async\" width=\"191\" height=\"46\" src=\"https:\/\/bedu.tech\/wp-content\/uploads\/2022\/09\/GOOGLE-CLOUD-2.svg\" class=\"attachment-large size-large wp-image-2466\" alt=\"google cloud tecnologia institui\u00e7\u00f5es de ensino\" loading=\"lazy\" \/>\t\t\t\t\t\t\t\t<\/a>\n\t\t\t\t\t\t\t\t\t\t\t\t\t\t<\/div>\n\t\t\t\t\t\t<\/div>\n\t\t\t\t<\/div>\n\t\t\t\t\t<\/div>\n\t\t\t\t<\/div>\n\t\t\t\t<\/div>\n\t\t\t\t\t<\/div>\n\t\t\t\t<\/div>\n\t\t<div class=\"elementor-element elementor-element-63cdbfc e-con-boxed e-flex e-con\" data-id=\"63cdbfc\" data-element_type=\"container\" data-settings=\"{&quot;jet_parallax_layout_list&quot;:[],&quot;content_width&quot;:&quot;boxed&quot;}\">\n\t\t\t\t\t<div class=\"e-con-inner\">\n\t\t\t\t<div class=\"elementor-element elementor-element-3a11db2 elementor-widget elementor-widget-heading\" data-id=\"3a11db2\" data-element_type=\"widget\" data-widget_type=\"heading.default\">\n\t\t\t\t<div class=\"elementor-widget-container\">\n\t\t\t<h2 class=\"elementor-heading-title elementor-size-default\">Com o Programa Educa\u00e7\u00e3o Integrada, voc\u00ea garante:<\/h2>\t\t<\/div>\n\t\t\t\t<\/div>\n\t\t\t\t<div class=\"elementor-element elementor-element-46f5361 elementor-hidden-mobile elementor-widget elementor-widget-image\" data-id=\"46f5361\" data-element_type=\"widget\" data-widget_type=\"image.default\">\n\t\t\t\t<div class=\"elementor-widget-container\">\n\t\t\t\t\t\t\t\t<div class=\"elementor-image\">\n\t\t\t\t\t\t\t\t\t\t\t\t<img decoding=\"async\" width=\"1920\" height=\"606\" src=\"https:\/\/bedu.tech\/wp-content\/uploads\/2023\/05\/Ativo-4.png\" class=\"attachment-full size-full wp-image-3866\" alt=\"\" loading=\"lazy\" srcset=\"https:\/\/bedu.tech\/wp-content\/uploads\/2023\/05\/Ativo-4.png 1920w, https:\/\/bedu.tech\/wp-content\/uploads\/2023\/05\/Ativo-4-300x95.png 300w, https:\/\/bedu.tech\/wp-content\/uploads\/2023\/05\/Ativo-4-1024x323.png 1024w, https:\/\/bedu.tech\/wp-content\/uploads\/2023\/05\/Ativo-4-768x242.png 768w, https:\/\/bedu.tech\/wp-content\/uploads\/2023\/05\/Ativo-4-1536x485.png 1536w, https:\/\/bedu.tech\/wp-content\/uploads\/2023\/05\/Ativo-4-18x6.png 18w\" sizes=\"(max-width: 1920px) 100vw, 1920px\" \/>\t\t\t\t\t\t\t\t\t\t\t\t\t\t<\/div>\n\t\t\t\t\t\t<\/div>\n\t\t\t\t<\/div>\n\t\t\t\t<div class=\"elementor-element elementor-element-4694ee3 elementor-hidden-desktop elementor-hidden-tablet elementor-widget elementor-widget-image\" data-id=\"4694ee3\" data-element_type=\"widget\" data-widget_type=\"image.default\">\n\t\t\t\t<div class=\"elementor-widget-container\">\n\t\t\t\t\t\t\t\t<div class=\"elementor-image\">\n\t\t\t\t\t\t\t\t\t\t\t\t<img decoding=\"async\" width=\"600\" height=\"1849\" src=\"https:\/\/bedu.tech\/wp-content\/uploads\/2023\/05\/Ativo-2.png\" class=\"attachment-full size-full wp-image-3859\" alt=\"\" loading=\"lazy\" srcset=\"https:\/\/bedu.tech\/wp-content\/uploads\/2023\/05\/Ativo-2.png 600w, https:\/\/bedu.tech\/wp-content\/uploads\/2023\/05\/Ativo-2-97x300.png 97w, https:\/\/bedu.tech\/wp-content\/uploads\/2023\/05\/Ativo-2-332x1024.png 332w, https:\/\/bedu.tech\/wp-content\/uploads\/2023\/05\/Ativo-2-498x1536.png 498w, https:\/\/bedu.tech\/wp-content\/uploads\/2023\/05\/Ativo-2-4x12.png 4w\" sizes=\"(max-width: 600px) 100vw, 600px\" \/>\t\t\t\t\t\t\t\t\t\t\t\t\t\t<\/div>\n\t\t\t\t\t\t<\/div>\n\t\t\t\t<\/div>\n\t\t\t\t\t<\/div>\n\t\t\t\t<\/div>\n\t\t<div class=\"elementor-element elementor-element-8af0780 e-con-boxed e-flex e-con\" data-id=\"8af0780\" data-element_type=\"container\" data-settings=\"{&quot;background_background&quot;:&quot;classic&quot;,&quot;jet_parallax_layout_list&quot;:[],&quot;content_width&quot;:&quot;boxed&quot;}\">\n\t\t\t\t\t<div class=\"e-con-inner\">\n\t\t<div class=\"elementor-element elementor-element-7148c86 e-con-boxed e-flex e-con\" data-id=\"7148c86\" data-element_type=\"container\" data-settings=\"{&quot;jet_parallax_layout_list&quot;:[],&quot;content_width&quot;:&quot;boxed&quot;}\">\n\t\t\t\t\t<div class=\"e-con-inner\">\n\t\t\t\t<div class=\"elementor-element elementor-element-abe406a elementor-widget elementor-widget-heading\" data-id=\"abe406a\" data-element_type=\"widget\" data-widget_type=\"heading.default\">\n\t\t\t\t<div class=\"elementor-widget-container\">\n\t\t\t<h2 class=\"elementor-heading-title elementor-size-default\">Garanta todas as solu\u00e7\u00f5es de conectividade e infraestrutura da Bedu.Tech para sua institui\u00e7\u00e3o de ensino. \n<\/h2>\t\t<\/div>\n\t\t\t\t<\/div>\n\t\t\t\t<div class=\"elementor-element elementor-element-f937dc4 elementor-align-center elementor-widget elementor-widget-button\" data-id=\"f937dc4\" data-element_type=\"widget\" data-widget_type=\"button.default\">\n\t\t\t\t<div class=\"elementor-widget-container\">\n\t\t\t\t\t<div class=\"elementor-button-wrapper\">\n\t\t\t<a href=\"#entreemcontato\" class=\"elementor-button-link elementor-button elementor-size-sm\" role=\"button\">\n\t\t\t\t\t\t<span class=\"elementor-button-content-wrapper\">\n\t\t\t\t\t\t<span class=\"elementor-button-text\">Falar com consultor<\/span>\n\t\t<\/span>\n\t\t\t\t\t<\/a>\n\t\t<\/div>\n\t\t\t\t<\/div>\n\t\t\t\t<\/div>\n\t\t\t\t\t<\/div>\n\t\t\t\t<\/div>\n\t\t\t\t\t<\/div>\n\t\t\t\t<\/div>\n\t\t\t\t\t\t\t\t\t<\/div>\n\t\t\t<\/div>\n\t\t\t\t\t<\/div>","protected":false},"excerpt":{"rendered":"<p>O Programa Educa\u00e7\u00e3o Integrada Servi\u00e7os personalizados para institui\u00e7\u00f5es de ensino J\u00e1 imaginou ter solu\u00e7\u00f5es completas de conectividade e infraestrutura na sua institui\u00e7\u00e3o de ensino? Oferecemos servi\u00e7os exclusivos e personalizados em todo ambiente tecnol\u00f3gico.\u00a0 Criado pela Bedu.Tech, o Programa Educa\u00e7\u00e3o Integrada foi desenvolvido para oferecer solu\u00e7\u00f5es completas de integra\u00e7\u00e3o, conectividade, infraestrutura (inclusive obras civis), implanta\u00e7\u00e3o de [&hellip;]<\/p>","protected":false},"author":11,"featured_media":0,"parent":0,"menu_order":0,"comment_status":"closed","ping_status":"closed","template":"","meta":{"om_disable_all_campaigns":false,"_monsterinsights_skip_tracking":false,"_monsterinsights_sitenote_active":false,"_monsterinsights_sitenote_note":"","_monsterinsights_sitenote_category":0},"aioseo_notices":[],"yoast_head":"<!-- This site is optimized with the Yoast SEO plugin v20.9 - https:\/\/yoast.com\/wordpress\/plugins\/seo\/ -->\n<title>Educa\u00e7\u00e3o Integrada | Bedu Tech<\/title>\n<meta name=\"robots\" content=\"index, follow, max-snippet:-1, max-image-preview:large, max-video-preview:-1\" \/>\n<link rel=\"canonical\" href=\"https:\/\/bedu.tech\/en\/educacao-integrada\/\" \/>\n<meta property=\"og:locale\" content=\"en_US\" \/>\n<meta property=\"og:type\" content=\"article\" \/>\n<meta property=\"og:title\" content=\"Educa\u00e7\u00e3o Integrada | Bedu Tech\" \/>\n<meta property=\"og:description\" content=\"O Programa Educa\u00e7\u00e3o Integrada Servi\u00e7os personalizados para institui\u00e7\u00f5es de ensino J\u00e1 imaginou ter solu\u00e7\u00f5es completas de conectividade e infraestrutura na sua institui\u00e7\u00e3o de ensino? Oferecemos servi\u00e7os exclusivos e personalizados em todo ambiente tecnol\u00f3gico.\u00a0 Criado pela Bedu.Tech, o Programa Educa\u00e7\u00e3o Integrada foi desenvolvido para oferecer solu\u00e7\u00f5es completas de integra\u00e7\u00e3o, conectividade, infraestrutura (inclusive obras civis), implanta\u00e7\u00e3o de [&hellip;]\" \/>\n<meta property=\"og:url\" content=\"https:\/\/bedu.tech\/en\/educacao-integrada\/\" \/>\n<meta property=\"og:site_name\" content=\"Bedu Tech\" \/>\n<meta property=\"article:modified_time\" content=\"2023-07-25T16:34:17+00:00\" \/>\n<meta property=\"og:image\" content=\"https:\/\/bedu.tech\/wp-content\/uploads\/2023\/06\/educacao_integrada_imagem1-scaled.jpg\" \/>\n<meta name=\"twitter:card\" content=\"summary_large_image\" \/>\n<meta name=\"twitter:label1\" content=\"Est. reading time\" \/>\n\t<meta name=\"twitter:data1\" content=\"2 minutes\" \/>\n<script type=\"application\/ld+json\" class=\"yoast-schema-graph\">{\"@context\":\"https:\/\/schema.org\",\"@graph\":[{\"@type\":\"WebPage\",\"@id\":\"https:\/\/bedu.tech\/educacao-integrada\/\",\"url\":\"https:\/\/bedu.tech\/educacao-integrada\/\",\"name\":\"Educa\u00e7\u00e3o Integrada | Bedu Tech\",\"isPartOf\":{\"@id\":\"https:\/\/bedu.tech\/#website\"},\"datePublished\":\"2023-05-05T14:47:19+00:00\",\"dateModified\":\"2023-07-25T16:34:17+00:00\",\"breadcrumb\":{\"@id\":\"https:\/\/bedu.tech\/educacao-integrada\/#breadcrumb\"},\"inLanguage\":\"en-US\",\"potentialAction\":[{\"@type\":\"ReadAction\",\"target\":[\"https:\/\/bedu.tech\/educacao-integrada\/\"]}]},{\"@type\":\"BreadcrumbList\",\"@id\":\"https:\/\/bedu.tech\/educacao-integrada\/#breadcrumb\",\"itemListElement\":[{\"@type\":\"ListItem\",\"position\":1,\"name\":\"In\u00edcio\",\"item\":\"https:\/\/bedu.tech\/\"},{\"@type\":\"ListItem\",\"position\":2,\"name\":\"Educa\u00e7\u00e3o Integrada\"}]},{\"@type\":\"WebSite\",\"@id\":\"https:\/\/bedu.tech\/#website\",\"url\":\"https:\/\/bedu.tech\/\",\"name\":\"Bedu Tech\",\"description\":\"Tecnologia para Educa\u00e7\u00e3o\",\"potentialAction\":[{\"@type\":\"SearchAction\",\"target\":{\"@type\":\"EntryPoint\",\"urlTemplate\":\"https:\/\/bedu.tech\/?s={search_term_string}\"},\"query-input\":\"required name=search_term_string\"}],\"inLanguage\":\"en-US\"}]}<\/script>\n<!-- \/ Yoast SEO plugin. -->","yoast_head_json":{"title":"Educa\u00e7\u00e3o Integrada | Bedu Tech","robots":{"index":"index","follow":"follow","max-snippet":"max-snippet:-1","max-image-preview":"max-image-preview:large","max-video-preview":"max-video-preview:-1"},"canonical":"https:\/\/bedu.tech\/en\/educacao-integrada\/","og_locale":"en_US","og_type":"article","og_title":"Educa\u00e7\u00e3o Integrada | Bedu Tech","og_description":"O Programa Educa\u00e7\u00e3o Integrada Servi\u00e7os personalizados para institui\u00e7\u00f5es de ensino J\u00e1 imaginou ter solu\u00e7\u00f5es completas de conectividade e infraestrutura na sua institui\u00e7\u00e3o de ensino? Oferecemos servi\u00e7os exclusivos e personalizados em todo ambiente tecnol\u00f3gico.\u00a0 Criado pela Bedu.Tech, o Programa Educa\u00e7\u00e3o Integrada foi desenvolvido para oferecer solu\u00e7\u00f5es completas de integra\u00e7\u00e3o, conectividade, infraestrutura (inclusive obras civis), implanta\u00e7\u00e3o de [&hellip;]","og_url":"https:\/\/bedu.tech\/en\/educacao-integrada\/","og_site_name":"Bedu Tech","article_modified_time":"2023-07-25T16:34:17+00:00","og_image":[{"url":"https:\/\/bedu.tech\/wp-content\/uploads\/2023\/06\/educacao_integrada_imagem1-scaled.jpg"}],"twitter_card":"summary_large_image","twitter_misc":{"Est. reading time":"2 minutes"},"schema":{"@context":"https:\/\/schema.org","@graph":[{"@type":"WebPage","@id":"https:\/\/bedu.tech\/educacao-integrada\/","url":"https:\/\/bedu.tech\/educacao-integrada\/","name":"Educa\u00e7\u00e3o Integrada | Bedu Tech","isPartOf":{"@id":"https:\/\/bedu.tech\/#website"},"datePublished":"2023-05-05T14:47:19+00:00","dateModified":"2023-07-25T16:34:17+00:00","breadcrumb":{"@id":"https:\/\/bedu.tech\/educacao-integrada\/#breadcrumb"},"inLanguage":"en-US","potentialAction":[{"@type":"ReadAction","target":["https:\/\/bedu.tech\/educacao-integrada\/"]}]},{"@type":"BreadcrumbList","@id":"https:\/\/bedu.tech\/educacao-integrada\/#breadcrumb","itemListElement":[{"@type":"ListItem","position":1,"name":"In\u00edcio","item":"https:\/\/bedu.tech\/"},{"@type":"ListItem","position":2,"name":"Educa\u00e7\u00e3o Integrada"}]},{"@type":"WebSite","@id":"https:\/\/bedu.tech\/#website","url":"https:\/\/bedu.tech\/","name":"Bedu Tech","description":"Tecnologia para Educa\u00e7\u00e3o","potentialAction":[{"@type":"SearchAction","target":{"@type":"EntryPoint","urlTemplate":"https:\/\/bedu.tech\/?s={search_term_string}"},"query-input":"required name=search_term_string"}],"inLanguage":"en-US"}]}},"_links":{"self":[{"href":"https:\/\/bedu.tech\/en\/wp-json\/wp\/v2\/pages\/3856"}],"collection":[{"href":"https:\/\/bedu.tech\/en\/wp-json\/wp\/v2\/pages"}],"about":[{"href":"https:\/\/bedu.tech\/en\/wp-json\/wp\/v2\/types\/page"}],"author":[{"embeddable":true,"href":"https:\/\/bedu.tech\/en\/wp-json\/wp\/v2\/users\/11"}],"replies":[{"embeddable":true,"href":"https:\/\/bedu.tech\/en\/wp-json\/wp\/v2\/comments?post=3856"}],"version-history":[{"count":55,"href":"https:\/\/bedu.tech\/en\/wp-json\/wp\/v2\/pages\/3856\/revisions"}],"predecessor-version":[{"id":4569,"href":"https:\/\/bedu.tech\/en\/wp-json\/wp\/v2\/pages\/3856\/revisions\/4569"}],"wp:attachment":[{"href":"https:\/\/bedu.tech\/en\/wp-json\/wp\/v2\/media?parent=3856"}],"curies":[{"name":"wp","href":"https:\/\/api.w.org\/{rel}","templated":true}]}}